{"id":9171,"date":"2025-01-28T11:37:56","date_gmt":"2025-01-28T09:37:56","guid":{"rendered":"https:\/\/eduspace.tlu.ee\/?post_type=product&#038;p=9171"},"modified":"2025-01-28T11:55:23","modified_gmt":"2025-01-28T09:55:23","slug":"rode-wireless-go-gen3-mic-set","status":"publish","type":"product","link":"https:\/\/eduspace.tlu.ee\/en\/toode\/rode-wireless-go-gen3-mic-set\/","title":{"rendered":"R\u00d8DE Wireless GO Gen3 mic set"},"content":{"rendered":"<p><strong>The Wireless GO Gen3 \u00a0now with 32-bit float recording, intelligent GainAssist technology, improved built-in mics and a host of professional features and enhancements \u2013 the ultimate creative companion.<br \/>\n<\/strong><\/p>\n<ul>\n<li>Dual-channel compact wireless microphone system<\/li>\n<li>R\u00d8DE\u2019s state-of-the-art Series IV 2.4 GHz digital transmission with 128-bit encryption for crystal-clear, incredibly stable audio at ranges up to 260m (line of sight)<\/li>\n<li>Over 40 hours of 32-bit float on-board recording for the recovery of clipped or quiet audio files<\/li>\n<li>Intelligent GainAssist technology, flexible output gain control and safety channel for ensuring pristine audio when recording direct to camera<\/li>\n<li>Universal compatibility with cameras, smartphones and computers for ultimate flexibility<\/li>\n<li>Locking lavalier connectors for complete security and peace of mind<\/li>\n<li>Headphone monitoring with on-board level control<\/li>\n<li>Automatic plug-in power detect for extended battery life<\/li>\n<li>Easy configuration on a computer or smartphone via R\u00d8DE Central<\/li>\n<li>Bright LCD display and intuitive controls for quickly and easily adjusting settings on-the-fly<\/li>\n<li>Compatible with all R\u00d8DE Series IV devices, including R\u00d8DECaster Pro II and R\u00d8DECaster Duo, R\u00d8DECaster Video, Wireless PRO, Interview PRO and more<\/li>\n<\/ul>\n<p>In-built rechargeable lithium-ion battery \u2013 up to 7 hours battery life<\/p>\n<table style=\"border-collapse: collapse; width: 45.166667%; height: 30px;\">\n<tbody>\n<tr>\n<td style=\"width: 100%;\">\n<div class=\"ast-oembed-container \" style=\"height: 100%;\"><iframe loading=\"lazy\" title=\"NEW RODE Wireless GO III (Gen 3) - Showcase and Audio Test\" width=\"500\" height=\"281\" src=\"https:\/\/www.youtube.com\/embed\/iWIs6y0olMI?feature=oembed\" frameborder=\"0\" allow=\"accelerometer; autoplay; clipboard-write; encrypted-media; gyroscope; picture-in-picture; web-share\" referrerpolicy=\"strict-origin-when-cross-origin\" allowfullscreen><\/iframe><\/div>\n<\/td>\n<\/tr>\n<\/tbody>\n<\/table>\n<p>Quantity: 1 set<\/p>\n<p>&nbsp;<\/p>\n<p><em><span style=\"color: #999999;\">Source: Info and photos <a style=\"color: #999999;\" href=\"https:\/\/arvutitark.ee\/en\/photo-and-videocameras\/digital-camera-accessories\/rode-juhtmevaba-mikrofon-wireless-go-gen-3-must-1424796\" target=\"_blank\" rel=\"noopener noreferrer\">Arvutitark.ee<\/a><\/span><\/em><\/p>\n<p>&nbsp;<\/p>\n","protected":false},"excerpt":{"rendered":"<p>The Wireless GO Gen3 \u00a0now with 32-bit float recording, intelligent GainAssist technology, improved built-in mics and a host of professional features and enhancements \u2013 the ultimate creative companion. Dual-channel compact wireless microphone system R\u00d8DE\u2019s state-of-the-art Series IV 2.4 GHz digital transmission with 128-bit encryption for crystal-clear, incredibly stable audio at ranges up to 260m (line [&hellip;]<\/p>\n","protected":false},"featured_media":8396,"template":"","meta":{"site-sidebar-layout":"default","site-content-layout":"default","ast-site-content-layout":"default","site-content-style":"default","site-sidebar-style":"default","ast-global-header-display":"","ast-banner-title-visibility":"","ast-main-header-display":"","ast-hfb-above-header-display":"","ast-hfb-below-header-display":"","ast-hfb-mobile-header-display":"","site-post-title":"","ast-breadcrumbs-content":"","ast-featured-img":"","footer-sml-layout":"","ast-disable-related-posts":"","theme-transparent-header-meta":"default","adv-header-id-meta":"","stick-header-meta":"default","header-above-stick-meta":"","header-main-stick-meta":"","header-below-stick-meta":"","astra-migrate-meta-layouts":"set","ast-page-background-enabled":"default","ast-page-background-meta":{"desktop":{"background-color":"","background-image":"","background-repeat":"repeat","background-position":"center center","background-size":"auto","background-attachment":"scroll","background-type":"","background-media":"","overlay-type":"","overlay-color":"","overlay-opacity":"","overlay-gradient":""},"tablet":{"background-color":"","background-image":"","background-repeat":"repeat","background-position":"center center","background-size":"auto","background-attachment":"scroll","background-type":"","background-media":"","overlay-type":"","overlay-color":"","overlay-opacity":"","overlay-gradient":""},"mobile":{"background-color":"","background-image":"","background-repeat":"repeat","background-position":"center center","background-size":"auto","background-attachment":"scroll","background-type":"","background-media":"","overlay-type":"","overlay-color":"","overlay-opacity":"","overlay-gradient":""}},"ast-content-background-meta":{"desktop":{"background-color":"var(--ast-global-color-5)","background-image":"","background-repeat":"repeat","background-position":"center center","background-size":"auto","background-attachment":"scroll","background-type":"","background-media":"","overlay-type":"","overlay-color":"","overlay-opacity":"","overlay-gradient":""},"tablet":{"background-color":"var(--ast-global-color-5)","background-image":"","background-repeat":"repeat","background-position":"center center","background-size":"auto","background-attachment":"scroll","background-type":"","background-media":"","overlay-type":"","overlay-color":"","overlay-opacity":"","overlay-gradient":""},"mobile":{"background-color":"var(--ast-global-color-5)","background-image":"","background-repeat":"repeat","background-position":"center center","background-size":"auto","background-attachment":"scroll","background-type":"","background-media":"","overlay-type":"","overlay-color":"","overlay-opacity":"","overlay-gradient":""}}},"product_brand":[],"product_cat":[44],"product_tag":[355,335],"class_list":{"0":"post-9171","1":"product","2":"type-product","3":"status-publish","4":"has-post-thumbnail","6":"product_cat-audio","7":"product_tag-gen3-en","8":"product_tag-rode-en","9":"desktop-align-center","10":"tablet-align-center","11":"mobile-align-center","12":"ast-product-gallery-layout-horizontal-slider","13":"ast-product-tabs-layout-horizontal","15":"first","16":"instock","17":"shipping-taxable","18":"purchasable","19":"product-type-simple"},"yoast_head":"<!-- This site is optimized with the Yoast SEO plugin v27.4 - https:\/\/yoast.com\/product\/yoast-seo-wordpress\/ -->\n<title>R\u00d8DE Wireless GO Gen3 mic set - TL\u00dc EDUSPACE<\/title>\n<meta name=\"robots\" content=\"index, follow, max-snippet:-1, max-image-preview:large, max-video-preview:-1\" \/>\n<link rel=\"canonical\" href=\"https:\/\/eduspace.tlu.ee\/en\/toode\/rode-wireless-go-gen3-mic-set\/\" \/>\n<meta property=\"og:locale\" content=\"en_US\" \/>\n<meta property=\"og:type\" content=\"article\" \/>\n<meta property=\"og:title\" content=\"R\u00d8DE Wireless GO Gen3 mic set - TL\u00dc EDUSPACE\" \/>\n<meta property=\"og:description\" content=\"The Wireless GO Gen3 \u00a0now with 32-bit float recording, intelligent GainAssist technology, improved built-in mics and a host of professional features and enhancements \u2013 the ultimate creative companion. Dual-channel compact wireless microphone system R\u00d8DE\u2019s state-of-the-art Series IV 2.4 GHz digital transmission with 128-bit encryption for crystal-clear, incredibly stable audio at ranges up to 260m (line [&hellip;]\" \/>\n<meta property=\"og:url\" content=\"https:\/\/eduspace.tlu.ee\/en\/toode\/rode-wireless-go-gen3-mic-set\/\" \/>\n<meta property=\"og:site_name\" content=\"TL\u00dc EDUSPACE\" \/>\n<meta property=\"article:modified_time\" content=\"2025-01-28T09:55:23+00:00\" \/>\n<meta property=\"og:image\" content=\"https:\/\/eduspace.tlu.ee\/wp-content\/uploads\/2024\/04\/1-1.png\" \/>\n\t<meta property=\"og:image:width\" content=\"500\" \/>\n\t<meta property=\"og:image:height\" content=\"500\" \/>\n\t<meta property=\"og:image:type\" content=\"image\/png\" \/>\n<meta name=\"twitter:card\" content=\"summary_large_image\" \/>\n<meta name=\"twitter:label1\" content=\"Est. reading time\" \/>\n\t<meta name=\"twitter:data1\" content=\"2 minutes\" \/>\n<script type=\"application\/ld+json\" class=\"yoast-schema-graph\">{\"@context\":\"https:\\\/\\\/schema.org\",\"@graph\":[{\"@type\":\"WebPage\",\"@id\":\"https:\\\/\\\/eduspace.tlu.ee\\\/en\\\/toode\\\/rode-wireless-go-gen3-mic-set\\\/\",\"url\":\"https:\\\/\\\/eduspace.tlu.ee\\\/en\\\/toode\\\/rode-wireless-go-gen3-mic-set\\\/\",\"name\":\"R\u00d8DE Wireless GO Gen3 mic set - TL\u00dc EDUSPACE\",\"isPartOf\":{\"@id\":\"https:\\\/\\\/eduspace.tlu.ee\\\/#website\"},\"primaryImageOfPage\":{\"@id\":\"https:\\\/\\\/eduspace.tlu.ee\\\/en\\\/toode\\\/rode-wireless-go-gen3-mic-set\\\/#primaryimage\"},\"image\":{\"@id\":\"https:\\\/\\\/eduspace.tlu.ee\\\/en\\\/toode\\\/rode-wireless-go-gen3-mic-set\\\/#primaryimage\"},\"thumbnailUrl\":\"https:\\\/\\\/eduspace.tlu.ee\\\/wp-content\\\/uploads\\\/2024\\\/04\\\/1-1.png\",\"datePublished\":\"2025-01-28T09:37:56+00:00\",\"dateModified\":\"2025-01-28T09:55:23+00:00\",\"breadcrumb\":{\"@id\":\"https:\\\/\\\/eduspace.tlu.ee\\\/en\\\/toode\\\/rode-wireless-go-gen3-mic-set\\\/#breadcrumb\"},\"inLanguage\":\"en-US\",\"potentialAction\":[{\"@type\":\"ReadAction\",\"target\":[\"https:\\\/\\\/eduspace.tlu.ee\\\/en\\\/toode\\\/rode-wireless-go-gen3-mic-set\\\/\"]}]},{\"@type\":\"ImageObject\",\"inLanguage\":\"en-US\",\"@id\":\"https:\\\/\\\/eduspace.tlu.ee\\\/en\\\/toode\\\/rode-wireless-go-gen3-mic-set\\\/#primaryimage\",\"url\":\"https:\\\/\\\/eduspace.tlu.ee\\\/wp-content\\\/uploads\\\/2024\\\/04\\\/1-1.png\",\"contentUrl\":\"https:\\\/\\\/eduspace.tlu.ee\\\/wp-content\\\/uploads\\\/2024\\\/04\\\/1-1.png\",\"width\":500,\"height\":500},{\"@type\":\"BreadcrumbList\",\"@id\":\"https:\\\/\\\/eduspace.tlu.ee\\\/en\\\/toode\\\/rode-wireless-go-gen3-mic-set\\\/#breadcrumb\",\"itemListElement\":[{\"@type\":\"ListItem\",\"position\":1,\"name\":\"Home\",\"item\":\"https:\\\/\\\/eduspace.tlu.ee\\\/en\\\/\"},{\"@type\":\"ListItem\",\"position\":2,\"name\":\"Research laboratory devices\",\"item\":\"https:\\\/\\\/eduspace.tlu.ee\\\/en\\\/products\\\/\"},{\"@type\":\"ListItem\",\"position\":3,\"name\":\"R\u00d8DE Wireless GO Gen3 mic set\"}]},{\"@type\":\"WebSite\",\"@id\":\"https:\\\/\\\/eduspace.tlu.ee\\\/#website\",\"url\":\"https:\\\/\\\/eduspace.tlu.ee\\\/\",\"name\":\"TL\u00dc EDUSPACE\",\"description\":\"TL\u00dc EDUSPACE\",\"publisher\":{\"@id\":\"https:\\\/\\\/eduspace.tlu.ee\\\/#organization\"},\"potentialAction\":[{\"@type\":\"SearchAction\",\"target\":{\"@type\":\"EntryPoint\",\"urlTemplate\":\"https:\\\/\\\/eduspace.tlu.ee\\\/?s={search_term_string}\"},\"query-input\":{\"@type\":\"PropertyValueSpecification\",\"valueRequired\":true,\"valueName\":\"search_term_string\"}}],\"inLanguage\":\"en-US\"},{\"@type\":\"Organization\",\"@id\":\"https:\\\/\\\/eduspace.tlu.ee\\\/#organization\",\"name\":\"TL\u00dc EDUSPACE\",\"url\":\"https:\\\/\\\/eduspace.tlu.ee\\\/\",\"logo\":{\"@type\":\"ImageObject\",\"inLanguage\":\"en-US\",\"@id\":\"https:\\\/\\\/eduspace.tlu.ee\\\/#\\\/schema\\\/logo\\\/image\\\/\",\"url\":\"https:\\\/\\\/eduspace.tlu.ee\\\/wp-content\\\/uploads\\\/2025\\\/10\\\/cropped-edutlu.png\",\"contentUrl\":\"https:\\\/\\\/eduspace.tlu.ee\\\/wp-content\\\/uploads\\\/2025\\\/10\\\/cropped-edutlu.png\",\"width\":1532,\"height\":400,\"caption\":\"TL\u00dc EDUSPACE\"},\"image\":{\"@id\":\"https:\\\/\\\/eduspace.tlu.ee\\\/#\\\/schema\\\/logo\\\/image\\\/\"}}]}<\/script>\n<!-- \/ Yoast SEO plugin. -->","yoast_head_json":{"title":"R\u00d8DE Wireless GO Gen3 mic set - TL\u00dc EDUSPACE","robots":{"index":"index","follow":"follow","max-snippet":"max-snippet:-1","max-image-preview":"max-image-preview:large","max-video-preview":"max-video-preview:-1"},"canonical":"https:\/\/eduspace.tlu.ee\/en\/toode\/rode-wireless-go-gen3-mic-set\/","og_locale":"en_US","og_type":"article","og_title":"R\u00d8DE Wireless GO Gen3 mic set - TL\u00dc EDUSPACE","og_description":"The Wireless GO Gen3 \u00a0now with 32-bit float recording, intelligent GainAssist technology, improved built-in mics and a host of professional features and enhancements \u2013 the ultimate creative companion. Dual-channel compact wireless microphone system R\u00d8DE\u2019s state-of-the-art Series IV 2.4 GHz digital transmission with 128-bit encryption for crystal-clear, incredibly stable audio at ranges up to 260m (line [&hellip;]","og_url":"https:\/\/eduspace.tlu.ee\/en\/toode\/rode-wireless-go-gen3-mic-set\/","og_site_name":"TL\u00dc EDUSPACE","article_modified_time":"2025-01-28T09:55:23+00:00","og_image":[{"width":500,"height":500,"url":"https:\/\/eduspace.tlu.ee\/wp-content\/uploads\/2024\/04\/1-1.png","type":"image\/png"}],"twitter_card":"summary_large_image","twitter_misc":{"Est. reading time":"2 minutes"},"schema":{"@context":"https:\/\/schema.org","@graph":[{"@type":"WebPage","@id":"https:\/\/eduspace.tlu.ee\/en\/toode\/rode-wireless-go-gen3-mic-set\/","url":"https:\/\/eduspace.tlu.ee\/en\/toode\/rode-wireless-go-gen3-mic-set\/","name":"R\u00d8DE Wireless GO Gen3 mic set - TL\u00dc EDUSPACE","isPartOf":{"@id":"https:\/\/eduspace.tlu.ee\/#website"},"primaryImageOfPage":{"@id":"https:\/\/eduspace.tlu.ee\/en\/toode\/rode-wireless-go-gen3-mic-set\/#primaryimage"},"image":{"@id":"https:\/\/eduspace.tlu.ee\/en\/toode\/rode-wireless-go-gen3-mic-set\/#primaryimage"},"thumbnailUrl":"https:\/\/eduspace.tlu.ee\/wp-content\/uploads\/2024\/04\/1-1.png","datePublished":"2025-01-28T09:37:56+00:00","dateModified":"2025-01-28T09:55:23+00:00","breadcrumb":{"@id":"https:\/\/eduspace.tlu.ee\/en\/toode\/rode-wireless-go-gen3-mic-set\/#breadcrumb"},"inLanguage":"en-US","potentialAction":[{"@type":"ReadAction","target":["https:\/\/eduspace.tlu.ee\/en\/toode\/rode-wireless-go-gen3-mic-set\/"]}]},{"@type":"ImageObject","inLanguage":"en-US","@id":"https:\/\/eduspace.tlu.ee\/en\/toode\/rode-wireless-go-gen3-mic-set\/#primaryimage","url":"https:\/\/eduspace.tlu.ee\/wp-content\/uploads\/2024\/04\/1-1.png","contentUrl":"https:\/\/eduspace.tlu.ee\/wp-content\/uploads\/2024\/04\/1-1.png","width":500,"height":500},{"@type":"BreadcrumbList","@id":"https:\/\/eduspace.tlu.ee\/en\/toode\/rode-wireless-go-gen3-mic-set\/#breadcrumb","itemListElement":[{"@type":"ListItem","position":1,"name":"Home","item":"https:\/\/eduspace.tlu.ee\/en\/"},{"@type":"ListItem","position":2,"name":"Research laboratory devices","item":"https:\/\/eduspace.tlu.ee\/en\/products\/"},{"@type":"ListItem","position":3,"name":"R\u00d8DE Wireless GO Gen3 mic set"}]},{"@type":"WebSite","@id":"https:\/\/eduspace.tlu.ee\/#website","url":"https:\/\/eduspace.tlu.ee\/","name":"TL\u00dc EDUSPACE","description":"TL\u00dc EDUSPACE","publisher":{"@id":"https:\/\/eduspace.tlu.ee\/#organization"},"potentialAction":[{"@type":"SearchAction","target":{"@type":"EntryPoint","urlTemplate":"https:\/\/eduspace.tlu.ee\/?s={search_term_string}"},"query-input":{"@type":"PropertyValueSpecification","valueRequired":true,"valueName":"search_term_string"}}],"inLanguage":"en-US"},{"@type":"Organization","@id":"https:\/\/eduspace.tlu.ee\/#organization","name":"TL\u00dc EDUSPACE","url":"https:\/\/eduspace.tlu.ee\/","logo":{"@type":"ImageObject","inLanguage":"en-US","@id":"https:\/\/eduspace.tlu.ee\/#\/schema\/logo\/image\/","url":"https:\/\/eduspace.tlu.ee\/wp-content\/uploads\/2025\/10\/cropped-edutlu.png","contentUrl":"https:\/\/eduspace.tlu.ee\/wp-content\/uploads\/2025\/10\/cropped-edutlu.png","width":1532,"height":400,"caption":"TL\u00dc EDUSPACE"},"image":{"@id":"https:\/\/eduspace.tlu.ee\/#\/schema\/logo\/image\/"}}]}},"_links":{"self":[{"href":"https:\/\/eduspace.tlu.ee\/en\/wp-json\/wp\/v2\/product\/9171","targetHints":{"allow":["GET"]}}],"collection":[{"href":"https:\/\/eduspace.tlu.ee\/en\/wp-json\/wp\/v2\/product"}],"about":[{"href":"https:\/\/eduspace.tlu.ee\/en\/wp-json\/wp\/v2\/types\/product"}],"wp:featuredmedia":[{"embeddable":true,"href":"https:\/\/eduspace.tlu.ee\/en\/wp-json\/wp\/v2\/media\/8396"}],"wp:attachment":[{"href":"https:\/\/eduspace.tlu.ee\/en\/wp-json\/wp\/v2\/media?parent=9171"}],"wp:term":[{"taxonomy":"product_brand","embeddable":true,"href":"https:\/\/eduspace.tlu.ee\/en\/wp-json\/wp\/v2\/product_brand?post=9171"},{"taxonomy":"product_cat","embeddable":true,"href":"https:\/\/eduspace.tlu.ee\/en\/wp-json\/wp\/v2\/product_cat?post=9171"},{"taxonomy":"product_tag","embeddable":true,"href":"https:\/\/eduspace.tlu.ee\/en\/wp-json\/wp\/v2\/product_tag?post=9171"}],"curies":[{"name":"wp","href":"https:\/\/api.w.org\/{rel}","templated":true}]}}