{"id":9369,"date":"2025-06-10T17:22:51","date_gmt":"2025-06-10T14:22:51","guid":{"rendered":"https:\/\/eduspace.tlu.ee\/projects-2023\/"},"modified":"2025-06-10T18:35:13","modified_gmt":"2025-06-10T15:35:13","slug":"projects-2023","status":"publish","type":"page","link":"https:\/\/eduspace.tlu.ee\/en\/projects-2023\/","title":{"rendered":"Projects 2023- &#8230;"},"content":{"rendered":"\n\n\t<h1><em>PROJECTS<\/em><\/h1>\n\n\n\t<h5><strong><em>\u00a0<\/em><\/strong><\/h5>\n\n<h5><strong><em>CHECK OUT OUR RESEARCH AND PROJECTS! <\/em><\/strong><\/h5>\n\n<h5><strong><em>WE EXPECT TEACHERS TO TEST ALREADY DEVELOPED TEACHING MATERIALS AND METHODS.<\/em><\/strong><\/h5>\n\t\t\t<a href=\"\" target=\"_self\"  role=\"button\">\n\t\t\t\t\t\t2023 &#8211; &#8230;\n\t\t<\/a>\n\t\t\t\t\t<a href=\"#\"  id=\"fl-accordion--label-0\" tabindex=\"0\" aria-controls=\"fl-accordion--panel-0\">Academy4Business<\/a>\n\t\t\t\t\t\t\t\t\t\t\t<a href=\"#\" id=\"fl-accordion--icon-0\"  tabindex=\"0\"><i title=\"Expand\">Expand<\/i><\/a>\n\t\t\t\t\t<p><img loading=\"lazy\" decoding=\"async\" src=\"https:\/\/eduspace.tlu.ee\/wp-content\/uploads\/2023\/02\/logobluesmall-300x246.png\" alt=\"\" width=\"188\" height=\"155\" \/><\/p>\n<p>Through international cooperation, an <strong>innovative course<\/strong> was developed and tested to develop and support an entrepreneurial mindset in the field of EdTech. The <strong>aim of the projec<\/strong>t was the transfer of knowledge between universities and companies, through which the quality of the business education activities of the partner universities will be increased. As a result, a hybrid course was prepared for the academy to promote entrepreneurial and scientific thinking.<\/p>\n<p><a href=\"https:\/\/eduspace.tlu.ee\/en\/academy4business-wp3-4\/\">READ MORE<\/a><\/p>\n\t\t\t\t\t<a href=\"#\"  id=\"fl-accordion--label-1\" tabindex=\"0\" aria-controls=\"fl-accordion--panel-1\">EdTech Talents<\/a>\n\t\t\t\t\t\t\t\t\t\t\t<a href=\"#\" id=\"fl-accordion--icon-1\"  tabindex=\"0\"><i title=\"Expand\">Expand<\/i><\/a>\n\t\t\t\t\t<p><img loading=\"lazy\" decoding=\"async\" src=\"https:\/\/eduspace.tlu.ee\/wp-content\/uploads\/2025\/06\/logo2-300x245.png\" alt=\"\" width=\"190\" height=\"155\" \/><\/p>\nEdTech Talents projekt soovib parandada hariduse ja tehnoloogia koost\u00f6\u00f6d Eestis, Ungaris ja Serbias.<br \/>\nEesm\u00e4rk on aidata nende riikide akadeemilisel ja tugipersonalil \u00f5ppida edukate EdTech ettev\u00f5tete kogemustest Austrias, Saksamaal ja Hispaanias.\n<p><a href=\"https:\/\/eduspace.tlu.ee\/en\/edtech-talents-2\/\">READ MORE<\/a><\/p>\n\t\t\t\t\t<a href=\"#\"  id=\"fl-accordion--label-2\" tabindex=\"0\" aria-controls=\"fl-accordion--panel-2\">LED Education<\/a>\n\t\t\t\t\t\t\t\t\t\t\t<a href=\"#\" id=\"fl-accordion--icon-2\"  tabindex=\"0\"><i title=\"Expand\">Expand<\/i><\/a>\n\t\t\t\t\t<p><img loading=\"lazy\" decoding=\"async\" src=\"https:\/\/eduspace.tlu.ee\/wp-content\/uploads\/2025\/06\/Logo-300x143.png\" alt=\"\" width=\"300\" height=\"143\" \/><\/p>\n<p>LED Education is dedicated to revolutionizing digital education through innovative pedagogical techniques and cutting-edge technology.<\/p>\n<p><a href=\"https:\/\/eduspace.tlu.ee\/en\/led-education\/\">READ MORE<\/a><\/p>\n<p>&nbsp;<\/p>\n<p>&nbsp;<\/p>\n\t\t\t\t\t<a href=\"#\"  id=\"fl-accordion--label-3\" tabindex=\"0\" aria-controls=\"fl-accordion--panel-3\">TAME<\/a>\n\t\t\t\t\t\t\t\t\t\t\t<a href=\"#\" id=\"fl-accordion--icon-3\"  tabindex=\"0\"><i title=\"Expand\">Expand<\/i><\/a>\n\t\t\t\t\t<p><a href=\"https:\/\/eduspace.tlu.ee\/en\/tame\/\"><img loading=\"lazy\" decoding=\"async\" src=\"https:\/\/eduspace.tlu.ee\/wp-content\/uploads\/2025\/06\/TAME_short-300x240.png\" alt=\"\" width=\"197\" height=\"157\" \/><\/a><\/p>\n<p><strong>TAME &#8211; <\/strong><strong>Teacher Academy Maker Education<\/strong>&#8211; project empowers the next generation of teachers to bring hands-on creativity into classrooms across Europe.<\/p>\n<a href=\"https:\/\/eduspace.tlu.ee\/en\/tame\/\">READ MORE<\/a>\n<p>&nbsp;<\/p>\n\t\t\t\t\t<a href=\"#\"  id=\"fl-accordion--label-4\" tabindex=\"0\" aria-controls=\"fl-accordion--panel-4\">WINDEE<\/a>\n\t\t\t\t\t\t\t\t\t\t\t<a href=\"#\" id=\"fl-accordion--icon-4\"  tabindex=\"0\"><i title=\"Expand\">Expand<\/i><\/a>\n\t\t\t\t\t<p><img loading=\"lazy\" decoding=\"async\" src=\"https:\/\/eduspace.tlu.ee\/wp-content\/uploads\/2025\/06\/WINDEE_Logo-300x300.png\" alt=\"\" width=\"156\" height=\"156\" \/><\/p>\n<p><strong>WINDEE &#8211; <\/strong>Well-being in Digital Education Ecosystem &#8211; where we prioritize Well-being, offer Evidence-Based Innovation, promote Empowerment, ensure Inclusivity, drive Collaboration, and foster Sustainability. Join us in transforming education for a brighter digital future!<\/p>\n<p><a href=\"https:\/\/eduspace.tlu.ee\/en\/windee\/\">READ MORE<\/a><\/p>\n\t\t\t<h3>\n\t\t\t\t\t<i>Mis on Eduspace?<\/i>\n\t\t\t\t<\/h3>\n\t\t\t<p>EDUSPACE on tehnoloogiaga toetatud \u00f5ppimise ja \u00f5petamise uurimislabor.<\/p>\n<p>EDUSPACE&#8217;i m\u00e4rks\u00f5nad on haridusuuendus ning koost\u00f6\u00f6 Tallinna \u00dclikooli, \u00f5ppeasutuste ja ettev\u00f5tete vahel.<\/p>\n\t\t\t\t<img decoding=\"async\" src=\"http:\/\/9586.ee\/eduspace1\/wp-content\/uploads\/2020\/08\/eduspace-logo-est-1024x584.png\" alt=\"\" itemprop=\"image\"\/>\n\t\t\t<h3>\n\t\t\t\t\tKiirlingid\n\t\t\t\t<\/h3>\n\t<ul>\n\t\t<li><a href=\"https:\/\/eduspace.tlu.ee\/en\/laboratory\/\" target=\"_self\"><\/a><h6>EDUSPACE lab<\/h6><\/li><li><a href=\"https:\/\/eduspace.tlu.ee\/en\/products\/\" target=\"_self\"><\/a><h6>Equipment<\/h6><\/li><li><a href=\"https:\/\/eduspace.tlu.ee\/en\/use\/\" target=\"_self\"><\/a><h6>Use of the laboratory<\/h6><\/li><li><a href=\"https:\/\/eduspace.tlu.ee\/en\/use\/book\/\" target=\"_self\"><\/a><h6>Book<\/h6><\/li>\t<\/ul>\n\n","protected":false},"excerpt":{"rendered":"<p>PROJECTS \u00a0 CHECK OUT OUR RESEARCH AND PROJECTS! WE EXPECT TEACHERS TO TEST ALREADY DEVELOPED TEACHING MATERIALS AND METHODS. 2023 &#8211; &#8230; Academy4Business Expand Through international cooperation, an innovative course was developed and tested to develop and support an entrepreneurial mindset in the field of EdTech. The aim of the project was the transfer of [&hellip;]<\/p>\n","protected":false},"author":4,"featured_media":0,"parent":0,"menu_order":0,"comment_status":"closed","ping_status":"closed","template":"","meta":{"site-sidebar-layout":"no-sidebar","site-content-layout":"page-builder","ast-site-content-layout":"full-width-container","site-content-style":"unboxed","site-sidebar-style":"unboxed","ast-global-header-display":"","ast-banner-title-visibility":"","ast-main-header-display":"","ast-hfb-above-header-display":"","ast-hfb-below-header-display":"","ast-hfb-mobile-header-display":"","site-post-title":"disabled","ast-breadcrumbs-content":"","ast-featured-img":"disabled","footer-sml-layout":"","ast-disable-related-posts":"","theme-transparent-header-meta":"enabled","adv-header-id-meta":"","stick-header-meta":"default","header-above-stick-meta":"","header-main-stick-meta":"","header-below-stick-meta":"","astra-migrate-meta-layouts":"default","ast-page-background-enabled":"default","ast-page-background-meta":{"desktop":{"background-color":"","background-image":"","background-repeat":"repeat","background-position":"center center","background-size":"auto","background-attachment":"scroll","background-type":"","background-media":"","overlay-type":"","overlay-color":"","overlay-opacity":"","overlay-gradient":""},"tablet":{"background-color":"","background-image":"","background-repeat":"repeat","background-position":"center center","background-size":"auto","background-attachment":"scroll","background-type":"","background-media":"","overlay-type":"","overlay-color":"","overlay-opacity":"","overlay-gradient":""},"mobile":{"background-color":"","background-image":"","background-repeat":"repeat","background-position":"center center","background-size":"auto","background-attachment":"scroll","background-type":"","background-media":"","overlay-type":"","overlay-color":"","overlay-opacity":"","overlay-gradient":""}},"ast-content-background-meta":{"desktop":{"background-color":"var(--ast-global-color-5)","background-image":"","background-repeat":"repeat","background-position":"center center","background-size":"auto","background-attachment":"scroll","background-type":"","background-media":"","overlay-type":"","overlay-color":"","overlay-opacity":"","overlay-gradient":""},"tablet":{"background-color":"var(--ast-global-color-5)","background-image":"","background-repeat":"repeat","background-position":"center center","background-size":"auto","background-attachment":"scroll","background-type":"","background-media":"","overlay-type":"","overlay-color":"","overlay-opacity":"","overlay-gradient":""},"mobile":{"background-color":"var(--ast-global-color-5)","background-image":"","background-repeat":"repeat","background-position":"center center","background-size":"auto","background-attachment":"scroll","background-type":"","background-media":"","overlay-type":"","overlay-color":"","overlay-opacity":"","overlay-gradient":""}},"footnotes":""},"class_list":["post-9369","page","type-page","status-publish","hentry"],"yoast_head":"<!-- This site is optimized with the Yoast SEO plugin v27.3 - https:\/\/yoast.com\/product\/yoast-seo-wordpress\/ -->\n<title>Projects 2023- ... - TL\u00dc EDUSPACE<\/title>\n<meta name=\"description\" content=\"EDUSPACE on Tallinna \u00dclikooli tehnoloogiaga toetatud \u00f5ppimise ja \u00f5petamise uurimise labor, kuhu on oodatud k\u00f5ik \u00f5petajad, hariduseksperdid, ettev\u00f5tjad kas uurima, \u00f5ppima v\u00f5i \u00f5petama.\" \/>\n<meta name=\"robots\" content=\"index, follow, max-snippet:-1, max-image-preview:large, max-video-preview:-1\" \/>\n<link rel=\"canonical\" href=\"https:\/\/eduspace.tlu.ee\/en\/projects-2023\/\" \/>\n<meta property=\"og:locale\" content=\"en_US\" \/>\n<meta property=\"og:type\" content=\"article\" \/>\n<meta property=\"og:title\" content=\"Projects 2023- ... - TL\u00dc EDUSPACE\" \/>\n<meta property=\"og:description\" content=\"EDUSPACE on Tallinna \u00dclikooli tehnoloogiaga toetatud \u00f5ppimise ja \u00f5petamise uurimise labor, kuhu on oodatud k\u00f5ik \u00f5petajad, hariduseksperdid, ettev\u00f5tjad kas uurima, \u00f5ppima v\u00f5i \u00f5petama.\" \/>\n<meta property=\"og:url\" content=\"https:\/\/eduspace.tlu.ee\/en\/projects-2023\/\" \/>\n<meta property=\"og:site_name\" content=\"TL\u00dc EDUSPACE\" \/>\n<meta property=\"article:modified_time\" content=\"2025-06-10T15:35:13+00:00\" \/>\n<meta property=\"og:image\" content=\"https:\/\/eduspace.tlu.ee\/wp-content\/uploads\/2023\/02\/logobluesmall-300x246.png\" \/>\n<meta name=\"twitter:card\" content=\"summary_large_image\" \/>\n<meta name=\"twitter:label1\" content=\"Est. reading time\" \/>\n\t<meta name=\"twitter:data1\" content=\"1 minute\" \/>\n<script type=\"application\/ld+json\" class=\"yoast-schema-graph\">{\"@context\":\"https:\\\/\\\/schema.org\",\"@graph\":[{\"@type\":\"WebPage\",\"@id\":\"https:\\\/\\\/eduspace.tlu.ee\\\/en\\\/projects-2023\\\/\",\"url\":\"https:\\\/\\\/eduspace.tlu.ee\\\/en\\\/projects-2023\\\/\",\"name\":\"Projects 2023- ... - TL\u00dc EDUSPACE\",\"isPartOf\":{\"@id\":\"https:\\\/\\\/eduspace.tlu.ee\\\/#website\"},\"primaryImageOfPage\":{\"@id\":\"https:\\\/\\\/eduspace.tlu.ee\\\/en\\\/projects-2023\\\/#primaryimage\"},\"image\":{\"@id\":\"https:\\\/\\\/eduspace.tlu.ee\\\/en\\\/projects-2023\\\/#primaryimage\"},\"thumbnailUrl\":\"https:\\\/\\\/eduspace.tlu.ee\\\/wp-content\\\/uploads\\\/2023\\\/02\\\/logobluesmall-300x246.png\",\"datePublished\":\"2025-06-10T14:22:51+00:00\",\"dateModified\":\"2025-06-10T15:35:13+00:00\",\"description\":\"EDUSPACE on Tallinna \u00dclikooli tehnoloogiaga toetatud \u00f5ppimise ja \u00f5petamise uurimise labor, kuhu on oodatud k\u00f5ik \u00f5petajad, hariduseksperdid, ettev\u00f5tjad kas uurima, \u00f5ppima v\u00f5i \u00f5petama.\",\"breadcrumb\":{\"@id\":\"https:\\\/\\\/eduspace.tlu.ee\\\/en\\\/projects-2023\\\/#breadcrumb\"},\"inLanguage\":\"en-US\",\"potentialAction\":[{\"@type\":\"ReadAction\",\"target\":[\"https:\\\/\\\/eduspace.tlu.ee\\\/en\\\/projects-2023\\\/\"]}]},{\"@type\":\"ImageObject\",\"inLanguage\":\"en-US\",\"@id\":\"https:\\\/\\\/eduspace.tlu.ee\\\/en\\\/projects-2023\\\/#primaryimage\",\"url\":\"https:\\\/\\\/eduspace.tlu.ee\\\/wp-content\\\/uploads\\\/2023\\\/02\\\/logobluesmall-300x246.png\",\"contentUrl\":\"https:\\\/\\\/eduspace.tlu.ee\\\/wp-content\\\/uploads\\\/2023\\\/02\\\/logobluesmall-300x246.png\"},{\"@type\":\"BreadcrumbList\",\"@id\":\"https:\\\/\\\/eduspace.tlu.ee\\\/en\\\/projects-2023\\\/#breadcrumb\",\"itemListElement\":[{\"@type\":\"ListItem\",\"position\":1,\"name\":\"Home\",\"item\":\"https:\\\/\\\/eduspace.tlu.ee\\\/en\\\/\"},{\"@type\":\"ListItem\",\"position\":2,\"name\":\"Projects 2023- &#8230;\"}]},{\"@type\":\"WebSite\",\"@id\":\"https:\\\/\\\/eduspace.tlu.ee\\\/#website\",\"url\":\"https:\\\/\\\/eduspace.tlu.ee\\\/\",\"name\":\"TL\u00dc EDUSPACE\",\"description\":\"TL\u00dc EDUSPACE\",\"publisher\":{\"@id\":\"https:\\\/\\\/eduspace.tlu.ee\\\/#organization\"},\"potentialAction\":[{\"@type\":\"SearchAction\",\"target\":{\"@type\":\"EntryPoint\",\"urlTemplate\":\"https:\\\/\\\/eduspace.tlu.ee\\\/?s={search_term_string}\"},\"query-input\":{\"@type\":\"PropertyValueSpecification\",\"valueRequired\":true,\"valueName\":\"search_term_string\"}}],\"inLanguage\":\"en-US\"},{\"@type\":\"Organization\",\"@id\":\"https:\\\/\\\/eduspace.tlu.ee\\\/#organization\",\"name\":\"TL\u00dc EDUSPACE\",\"url\":\"https:\\\/\\\/eduspace.tlu.ee\\\/\",\"logo\":{\"@type\":\"ImageObject\",\"inLanguage\":\"en-US\",\"@id\":\"https:\\\/\\\/eduspace.tlu.ee\\\/#\\\/schema\\\/logo\\\/image\\\/\",\"url\":\"https:\\\/\\\/eduspace.tlu.ee\\\/wp-content\\\/uploads\\\/2025\\\/10\\\/cropped-edutlu.png\",\"contentUrl\":\"https:\\\/\\\/eduspace.tlu.ee\\\/wp-content\\\/uploads\\\/2025\\\/10\\\/cropped-edutlu.png\",\"width\":1532,\"height\":400,\"caption\":\"TL\u00dc EDUSPACE\"},\"image\":{\"@id\":\"https:\\\/\\\/eduspace.tlu.ee\\\/#\\\/schema\\\/logo\\\/image\\\/\"}}]}<\/script>\n<!-- \/ Yoast SEO plugin. -->","yoast_head_json":{"title":"Projects 2023- ... - TL\u00dc EDUSPACE","description":"EDUSPACE on Tallinna \u00dclikooli tehnoloogiaga toetatud \u00f5ppimise ja \u00f5petamise uurimise labor, kuhu on oodatud k\u00f5ik \u00f5petajad, hariduseksperdid, ettev\u00f5tjad kas uurima, \u00f5ppima v\u00f5i \u00f5petama.","robots":{"index":"index","follow":"follow","max-snippet":"max-snippet:-1","max-image-preview":"max-image-preview:large","max-video-preview":"max-video-preview:-1"},"canonical":"https:\/\/eduspace.tlu.ee\/en\/projects-2023\/","og_locale":"en_US","og_type":"article","og_title":"Projects 2023- ... - TL\u00dc EDUSPACE","og_description":"EDUSPACE on Tallinna \u00dclikooli tehnoloogiaga toetatud \u00f5ppimise ja \u00f5petamise uurimise labor, kuhu on oodatud k\u00f5ik \u00f5petajad, hariduseksperdid, ettev\u00f5tjad kas uurima, \u00f5ppima v\u00f5i \u00f5petama.","og_url":"https:\/\/eduspace.tlu.ee\/en\/projects-2023\/","og_site_name":"TL\u00dc EDUSPACE","article_modified_time":"2025-06-10T15:35:13+00:00","og_image":[{"url":"https:\/\/eduspace.tlu.ee\/wp-content\/uploads\/2023\/02\/logobluesmall-300x246.png","type":"","width":"","height":""}],"twitter_card":"summary_large_image","twitter_misc":{"Est. reading time":"1 minute"},"schema":{"@context":"https:\/\/schema.org","@graph":[{"@type":"WebPage","@id":"https:\/\/eduspace.tlu.ee\/en\/projects-2023\/","url":"https:\/\/eduspace.tlu.ee\/en\/projects-2023\/","name":"Projects 2023- ... - TL\u00dc EDUSPACE","isPartOf":{"@id":"https:\/\/eduspace.tlu.ee\/#website"},"primaryImageOfPage":{"@id":"https:\/\/eduspace.tlu.ee\/en\/projects-2023\/#primaryimage"},"image":{"@id":"https:\/\/eduspace.tlu.ee\/en\/projects-2023\/#primaryimage"},"thumbnailUrl":"https:\/\/eduspace.tlu.ee\/wp-content\/uploads\/2023\/02\/logobluesmall-300x246.png","datePublished":"2025-06-10T14:22:51+00:00","dateModified":"2025-06-10T15:35:13+00:00","description":"EDUSPACE on Tallinna \u00dclikooli tehnoloogiaga toetatud \u00f5ppimise ja \u00f5petamise uurimise labor, kuhu on oodatud k\u00f5ik \u00f5petajad, hariduseksperdid, ettev\u00f5tjad kas uurima, \u00f5ppima v\u00f5i \u00f5petama.","breadcrumb":{"@id":"https:\/\/eduspace.tlu.ee\/en\/projects-2023\/#breadcrumb"},"inLanguage":"en-US","potentialAction":[{"@type":"ReadAction","target":["https:\/\/eduspace.tlu.ee\/en\/projects-2023\/"]}]},{"@type":"ImageObject","inLanguage":"en-US","@id":"https:\/\/eduspace.tlu.ee\/en\/projects-2023\/#primaryimage","url":"https:\/\/eduspace.tlu.ee\/wp-content\/uploads\/2023\/02\/logobluesmall-300x246.png","contentUrl":"https:\/\/eduspace.tlu.ee\/wp-content\/uploads\/2023\/02\/logobluesmall-300x246.png"},{"@type":"BreadcrumbList","@id":"https:\/\/eduspace.tlu.ee\/en\/projects-2023\/#breadcrumb","itemListElement":[{"@type":"ListItem","position":1,"name":"Home","item":"https:\/\/eduspace.tlu.ee\/en\/"},{"@type":"ListItem","position":2,"name":"Projects 2023- &#8230;"}]},{"@type":"WebSite","@id":"https:\/\/eduspace.tlu.ee\/#website","url":"https:\/\/eduspace.tlu.ee\/","name":"TL\u00dc EDUSPACE","description":"TL\u00dc EDUSPACE","publisher":{"@id":"https:\/\/eduspace.tlu.ee\/#organization"},"potentialAction":[{"@type":"SearchAction","target":{"@type":"EntryPoint","urlTemplate":"https:\/\/eduspace.tlu.ee\/?s={search_term_string}"},"query-input":{"@type":"PropertyValueSpecification","valueRequired":true,"valueName":"search_term_string"}}],"inLanguage":"en-US"},{"@type":"Organization","@id":"https:\/\/eduspace.tlu.ee\/#organization","name":"TL\u00dc EDUSPACE","url":"https:\/\/eduspace.tlu.ee\/","logo":{"@type":"ImageObject","inLanguage":"en-US","@id":"https:\/\/eduspace.tlu.ee\/#\/schema\/logo\/image\/","url":"https:\/\/eduspace.tlu.ee\/wp-content\/uploads\/2025\/10\/cropped-edutlu.png","contentUrl":"https:\/\/eduspace.tlu.ee\/wp-content\/uploads\/2025\/10\/cropped-edutlu.png","width":1532,"height":400,"caption":"TL\u00dc EDUSPACE"},"image":{"@id":"https:\/\/eduspace.tlu.ee\/#\/schema\/logo\/image\/"}}]}},"_links":{"self":[{"href":"https:\/\/eduspace.tlu.ee\/en\/wp-json\/wp\/v2\/pages\/9369","targetHints":{"allow":["GET"]}}],"collection":[{"href":"https:\/\/eduspace.tlu.ee\/en\/wp-json\/wp\/v2\/pages"}],"about":[{"href":"https:\/\/eduspace.tlu.ee\/en\/wp-json\/wp\/v2\/types\/page"}],"author":[{"embeddable":true,"href":"https:\/\/eduspace.tlu.ee\/en\/wp-json\/wp\/v2\/users\/4"}],"replies":[{"embeddable":true,"href":"https:\/\/eduspace.tlu.ee\/en\/wp-json\/wp\/v2\/comments?post=9369"}],"version-history":[{"count":2,"href":"https:\/\/eduspace.tlu.ee\/en\/wp-json\/wp\/v2\/pages\/9369\/revisions"}],"predecessor-version":[{"id":9411,"href":"https:\/\/eduspace.tlu.ee\/en\/wp-json\/wp\/v2\/pages\/9369\/revisions\/9411"}],"wp:attachment":[{"href":"https:\/\/eduspace.tlu.ee\/en\/wp-json\/wp\/v2\/media?parent=9369"}],"curies":[{"name":"wp","href":"https:\/\/api.w.org\/{rel}","templated":true}]}}