{"id":8716,"date":"2024-07-12T17:44:42","date_gmt":"2024-07-12T14:44:42","guid":{"rendered":"https:\/\/eduspace.tlu.ee\/tell\/"},"modified":"2024-07-12T17:50:25","modified_gmt":"2024-07-12T14:50:25","slug":"tell","status":"publish","type":"page","link":"https:\/\/eduspace.tlu.ee\/en\/tell\/","title":{"rendered":"TELL"},"content":{"rendered":"\n\n\t<p><strong>\u2282<\/strong> Technology-Enchanced Foreign Language Learning <strong>\u2283<\/strong><\/p>\n\t<br \/>\nProject duration<br \/>\n01.09.2021-30.06.2024\n\t<p><strong>\u00a0 \u00a0 \u00a0 \u00a0 \u00a0 \u00a0 \u00a0 \u00a0 \u00a0 Tallinn University Research Fund Project &#8220;Technology-Enhanced Foreign Language Learning&#8221;<\/strong><\/p>\n\t<p>Tallinn University&#8217;s research fund project <strong>&#8220;Technology-Enhanced Foreign Language Learning: Establishing an Interdisciplinary Research Group for Developing Research Methods and Instruments&#8221;<\/strong> 01.09.2021 &#8211; 30.06.2024.<\/p>\n<p>The need for the project arises from the fact that technology often supports the teaching of natural and exact sciences. In social sciences and humanities, the use of technology has been more modest.<\/p>\n<p>Over three years, an <a href=\"https:\/\/eduspace.tlu.ee\/en\/technology-enhanced-language-learning\/\" target=\"_blank\" rel=\"noopener\">interdisciplinary research group<\/a> consisting of foreign language teachers, educational technologists, didacticians, and researchers from three institutes of Tallinn University &#8211; the Institute of Humanities, the Institute of Educational Sciences, and the Institute of Digital Technologies &#8211; has studied how to engage learners in foreign language classes. In the <strong>co-creation lab<\/strong>, technology-enhanced foreign language learning designs have been created and tested, utilizing various technologies: ICT, robotics, augmented reality, sensors, and devices from the TLU EDUSPACE lab. The learning materials can be found under <a href=\"https:\/\/eduspace.tlu.ee\/tell-opiampsud\/\" target=\"_blank\" rel=\"noopener\">\u00d5piampsud<\/a>. Developed research instruments, which can be used in schools in the future, and the results of the study can be found under <a href=\"https:\/\/eduspace.tlu.ee\/tell-uuringud\/\" target=\"_blank\" rel=\"noopener\">Uuringud<\/a>.<\/p>\n<p>The follow-up activities of the project are related to the Erasmus+ project, which addresses the use of artificial intelligence in foreign language learning. The <strong>Erasmus+ TRAILS<\/strong> project involves three countries: Spain, Portugal, and Estonia. The participating institutions are Tallinn University, Pompeu Fabra University in Barcelona, educational associations Kokoro Association and Associaci\u00f3 de Mestres Rosa Sensat, and three schools: Tallinn French Lyceum, Institut Catarina Albert, and Col\u00e9gio de S\u00e3o Gon\u00e7alo de Amarante.<\/p>\nYou can read more about the Erasmus+ project here:<a href=\"https:\/\/www.upf.edu\/web\/tide\/news\/-\/asset_publisher\/dKNklStbUqGZ\/content\/trails-an-erasmus-project-to-explore-the-responsible-use-of-genai-in-school-education-is-being-coordinated-by-tide\/maximized\"><br \/>\nhttps:\/\/www.upf.edu\/web\/tide\/news\/-\/asset_publisher\/dKNklStbUqGZ\/content\/trails-an-erasmus-project-to-explore-the-responsible-use-of-genai-in-school-education-is-being-coordinated-by-tide\/maximized<\/a>\n<p>The possibilities of artificial intelligence in foreign language learning: <a href=\"https:\/\/trails.upf.edu\/\">https:\/\/trails.upf.edu\/<\/a><\/p>\n\t<p><img loading=\"lazy\" decoding=\"async\" src=\"https:\/\/eduspace.tlu.ee\/wp-content\/uploads\/2020\/09\/favicon-32x32-1.png\" alt=\"\" width=\"32\" height=\"32\" \/>Tallinna university project team:<\/p>\n\t\t\t\t<img loading=\"lazy\" decoding=\"async\" src=\"https:\/\/eduspace.tlu.ee\/wp-content\/uploads\/2022\/07\/A.Ljalikova.png\" alt=\"A.Ljalikova\" itemprop=\"image\" height=\"300\" width=\"300\" title=\"A.Ljalikova\" onerror=\"this.style.display='none'\"  \/>\n\tAleksandra Ljalikova<br \/>\nT\u00dcHI-HTI \u00a0&#8211; Associate Professor of French Didactics, Head of the Project\n\n\t\t\t\t<img loading=\"lazy\" decoding=\"async\" src=\"https:\/\/eduspace.tlu.ee\/wp-content\/uploads\/2022\/07\/K.Vanari.png\" alt=\"K.Vanari\" itemprop=\"image\" height=\"300\" width=\"300\" title=\"K.Vanari\" onerror=\"this.style.display='none'\"  \/>\n\tK\u00e4tlin Vanari<br \/>\nHTI &#8211; Junior Research Fellow, Project Manager\n\t\t\t\t<img loading=\"lazy\" decoding=\"async\" src=\"https:\/\/eduspace.tlu.ee\/wp-content\/uploads\/2024\/07\/Merike-Saar-portree-300x300.jpg\" alt=\"Merike-Saar-portree\" itemprop=\"image\" height=\"300\" width=\"300\" title=\"Merike-Saar-portree\" onerror=\"this.style.display='none'\"  \/>\n\tMerike Saar<br \/>\nDTI &#8211; Visiting Research Fellow of Learning Analytics\n\t\t\t\t<img loading=\"lazy\" decoding=\"async\" src=\"https:\/\/eduspace.tlu.ee\/wp-content\/uploads\/2022\/07\/K.Tammets.png\" alt=\"K.Tammets\" itemprop=\"image\" height=\"300\" width=\"300\" title=\"K.Tammets\" onerror=\"this.style.display='none'\"  \/>\n\tKairit Tammets<br \/>\nDTI &#8211; Professor of Technology-Enhanced Learning\n\t\t\t\t<img loading=\"lazy\" decoding=\"async\" src=\"https:\/\/eduspace.tlu.ee\/wp-content\/uploads\/2022\/07\/A.Heero_.png\" alt=\"A.Heero\" itemprop=\"image\" height=\"300\" width=\"300\" title=\"A.Heero\" onerror=\"this.style.display='none'\"  \/>\n\tAigi Heero<br \/>\nT\u00dcHI &#8211; Associate Professor of German and Didactics\n\t\t\t\t<img loading=\"lazy\" decoding=\"async\" src=\"https:\/\/eduspace.tlu.ee\/wp-content\/uploads\/2022\/07\/T.Anspal.png\" alt=\"T.Anspal\" itemprop=\"image\" height=\"300\" width=\"300\" title=\"T.Anspal\" onerror=\"this.style.display='none'\"  \/>\n\tTiina Anspal<br \/>\nHTI &#8211; Lecturer of School Pedagogy\n\t\t\t\t<img loading=\"lazy\" decoding=\"async\" src=\"https:\/\/eduspace.tlu.ee\/wp-content\/uploads\/2022\/07\/M.Meristo.png\" alt=\"M.Meristo\" itemprop=\"image\" height=\"300\" width=\"300\" title=\"M.Meristo\" onerror=\"this.style.display='none'\"  \/>\n\tMerilyn Meristo<br \/>\nT\u00dcHI &#8211; Associate Professor of French\n\t\t\t\t<img loading=\"lazy\" decoding=\"async\" src=\"https:\/\/eduspace.tlu.ee\/wp-content\/uploads\/2024\/07\/E.batrakova.jpeg\" alt=\"E.batrakova\" itemprop=\"image\" height=\"200\" width=\"200\" title=\"E.batrakova\" onerror=\"this.style.display='none'\"  \/>\n\tEkaterina Batrakova<br \/>\nT\u00dcHI &#8211; Junior Lecturer\n\t\t\t\t<img loading=\"lazy\" decoding=\"async\" src=\"https:\/\/eduspace.tlu.ee\/wp-content\/uploads\/2022\/07\/T.Valjataga.png\" alt=\"T.V\u00e4ljataga\" itemprop=\"image\" height=\"300\" width=\"300\" title=\"T.V\u00e4ljataga\" onerror=\"this.style.display='none'\"  \/>\n\tTerje V\u00e4ljataga<br \/>\nHTI &#8211; Associate Professor in New Learning Environments and Technologies\n\t<p><img loading=\"lazy\" decoding=\"async\" src=\"https:\/\/eduspace.tlu.ee\/wp-content\/uploads\/2020\/09\/favicon-32x32-1.png\" alt=\"\" width=\"32\" height=\"32\" \/>Included master&#8217;s students:<\/p>\n\tAlisa Altan<br \/>\nTeacher of Foreign Language<br \/>\n(French)\n\tJelisaveta Jepifanova<br \/>\nTeacher of Foreign Language<br \/>\n(French and English)\n\tMari-Liis Kurvits<br \/>\nTeacher of Foreign Language<br \/>\n(German)\n\t<p>The project was funded by the Tallinn University Research Fund.<\/p>\n\n","protected":false},"excerpt":{"rendered":"<p>\u2282 Technology-Enchanced Foreign Language Learning \u2283 Project duration 01.09.2021-30.06.2024 \u00a0 \u00a0 \u00a0 \u00a0 \u00a0 \u00a0 \u00a0 \u00a0 \u00a0 Tallinn University Research Fund Project &#8220;Technology-Enhanced Foreign Language Learning&#8221; Tallinn University&#8217;s research fund project &#8220;Technology-Enhanced Foreign Language Learning: Establishing an Interdisciplinary Research Group for Developing Research Methods and Instruments&#8221; 01.09.2021 &#8211; 30.06.2024. The need for the project [&hellip;]<\/p>\n","protected":false},"author":4,"featured_media":0,"parent":0,"menu_order":0,"comment_status":"closed","ping_status":"closed","template":"","meta":{"site-sidebar-layout":"no-sidebar","site-content-layout":"page-builder","ast-site-content-layout":"full-width-container","site-content-style":"unboxed","site-sidebar-style":"unboxed","ast-global-header-display":"","ast-banner-title-visibility":"","ast-main-header-display":"","ast-hfb-above-header-display":"","ast-hfb-below-header-display":"","ast-hfb-mobile-header-display":"","site-post-title":"disabled","ast-breadcrumbs-content":"","ast-featured-img":"disabled","footer-sml-layout":"","ast-disable-related-posts":"","theme-transparent-header-meta":"default","adv-header-id-meta":"","stick-header-meta":"default","header-above-stick-meta":"","header-main-stick-meta":"","header-below-stick-meta":"","astra-migrate-meta-layouts":"set","ast-page-background-enabled":"default","ast-page-background-meta":{"desktop":{"background-color":"","background-image":"","background-repeat":"repeat","background-position":"center center","background-size":"auto","background-attachment":"scroll","background-type":"","background-media":"","overlay-type":"","overlay-color":"","overlay-opacity":"","overlay-gradient":""},"tablet":{"background-color":"","background-image":"","background-repeat":"repeat","background-position":"center center","background-size":"auto","background-attachment":"scroll","background-type":"","background-media":"","overlay-type":"","overlay-color":"","overlay-opacity":"","overlay-gradient":""},"mobile":{"background-color":"","background-image":"","background-repeat":"repeat","background-position":"center center","background-size":"auto","background-attachment":"scroll","background-type":"","background-media":"","overlay-type":"","overlay-color":"","overlay-opacity":"","overlay-gradient":""}},"ast-content-background-meta":{"desktop":{"background-color":"var(--ast-global-color-5)","background-image":"","background-repeat":"repeat","background-position":"center center","background-size":"auto","background-attachment":"scroll","background-type":"","background-media":"","overlay-type":"","overlay-color":"","overlay-opacity":"","overlay-gradient":""},"tablet":{"background-color":"var(--ast-global-color-5)","background-image":"","background-repeat":"repeat","background-position":"center center","background-size":"auto","background-attachment":"scroll","background-type":"","background-media":"","overlay-type":"","overlay-color":"","overlay-opacity":"","overlay-gradient":""},"mobile":{"background-color":"var(--ast-global-color-5)","background-image":"","background-repeat":"repeat","background-position":"center center","background-size":"auto","background-attachment":"scroll","background-type":"","background-media":"","overlay-type":"","overlay-color":"","overlay-opacity":"","overlay-gradient":""}},"footnotes":""},"class_list":["post-8716","page","type-page","status-publish","hentry"],"yoast_head":"<!-- This site is optimized with the Yoast SEO plugin v27.4 - https:\/\/yoast.com\/product\/yoast-seo-wordpress\/ -->\n<title>TELL - TL\u00dc EDUSPACE<\/title>\n<meta name=\"robots\" content=\"index, follow, max-snippet:-1, max-image-preview:large, max-video-preview:-1\" \/>\n<link rel=\"canonical\" href=\"https:\/\/eduspace.tlu.ee\/en\/tell\/\" \/>\n<meta property=\"og:locale\" content=\"en_US\" \/>\n<meta property=\"og:type\" content=\"article\" \/>\n<meta property=\"og:title\" content=\"TELL - TL\u00dc EDUSPACE\" \/>\n<meta property=\"og:description\" content=\"\u2282 Technology-Enchanced Foreign Language Learning \u2283 Project duration 01.09.2021-30.06.2024 \u00a0 \u00a0 \u00a0 \u00a0 \u00a0 \u00a0 \u00a0 \u00a0 \u00a0 Tallinn University Research Fund Project &#8220;Technology-Enhanced Foreign Language Learning&#8221; Tallinn University&#8217;s research fund project &#8220;Technology-Enhanced Foreign Language Learning: Establishing an Interdisciplinary Research Group for Developing Research Methods and Instruments&#8221; 01.09.2021 &#8211; 30.06.2024. The need for the project [&hellip;]\" \/>\n<meta property=\"og:url\" content=\"https:\/\/eduspace.tlu.ee\/en\/tell\/\" \/>\n<meta property=\"og:site_name\" content=\"TL\u00dc EDUSPACE\" \/>\n<meta property=\"article:modified_time\" content=\"2024-07-12T14:50:25+00:00\" \/>\n<meta property=\"og:image\" content=\"https:\/\/eduspace.tlu.ee\/wp-content\/uploads\/2020\/09\/favicon-32x32-1.png\" \/>\n<meta name=\"twitter:card\" content=\"summary_large_image\" \/>\n<meta name=\"twitter:label1\" content=\"Est. reading time\" \/>\n\t<meta name=\"twitter:data1\" content=\"2 minutes\" \/>\n<script type=\"application\/ld+json\" class=\"yoast-schema-graph\">{\"@context\":\"https:\\\/\\\/schema.org\",\"@graph\":[{\"@type\":\"WebPage\",\"@id\":\"https:\\\/\\\/eduspace.tlu.ee\\\/en\\\/tell\\\/\",\"url\":\"https:\\\/\\\/eduspace.tlu.ee\\\/en\\\/tell\\\/\",\"name\":\"TELL - TL\u00dc EDUSPACE\",\"isPartOf\":{\"@id\":\"https:\\\/\\\/eduspace.tlu.ee\\\/#website\"},\"primaryImageOfPage\":{\"@id\":\"https:\\\/\\\/eduspace.tlu.ee\\\/en\\\/tell\\\/#primaryimage\"},\"image\":{\"@id\":\"https:\\\/\\\/eduspace.tlu.ee\\\/en\\\/tell\\\/#primaryimage\"},\"thumbnailUrl\":\"https:\\\/\\\/eduspace.tlu.ee\\\/wp-content\\\/uploads\\\/2020\\\/09\\\/favicon-32x32-1.png\",\"datePublished\":\"2024-07-12T14:44:42+00:00\",\"dateModified\":\"2024-07-12T14:50:25+00:00\",\"breadcrumb\":{\"@id\":\"https:\\\/\\\/eduspace.tlu.ee\\\/en\\\/tell\\\/#breadcrumb\"},\"inLanguage\":\"en-US\",\"potentialAction\":[{\"@type\":\"ReadAction\",\"target\":[\"https:\\\/\\\/eduspace.tlu.ee\\\/en\\\/tell\\\/\"]}]},{\"@type\":\"ImageObject\",\"inLanguage\":\"en-US\",\"@id\":\"https:\\\/\\\/eduspace.tlu.ee\\\/en\\\/tell\\\/#primaryimage\",\"url\":\"https:\\\/\\\/eduspace.tlu.ee\\\/wp-content\\\/uploads\\\/2020\\\/09\\\/favicon-32x32-1.png\",\"contentUrl\":\"https:\\\/\\\/eduspace.tlu.ee\\\/wp-content\\\/uploads\\\/2020\\\/09\\\/favicon-32x32-1.png\"},{\"@type\":\"BreadcrumbList\",\"@id\":\"https:\\\/\\\/eduspace.tlu.ee\\\/en\\\/tell\\\/#breadcrumb\",\"itemListElement\":[{\"@type\":\"ListItem\",\"position\":1,\"name\":\"Home\",\"item\":\"https:\\\/\\\/eduspace.tlu.ee\\\/en\\\/\"},{\"@type\":\"ListItem\",\"position\":2,\"name\":\"TELL\"}]},{\"@type\":\"WebSite\",\"@id\":\"https:\\\/\\\/eduspace.tlu.ee\\\/#website\",\"url\":\"https:\\\/\\\/eduspace.tlu.ee\\\/\",\"name\":\"TL\u00dc EDUSPACE\",\"description\":\"TL\u00dc EDUSPACE\",\"publisher\":{\"@id\":\"https:\\\/\\\/eduspace.tlu.ee\\\/#organization\"},\"potentialAction\":[{\"@type\":\"SearchAction\",\"target\":{\"@type\":\"EntryPoint\",\"urlTemplate\":\"https:\\\/\\\/eduspace.tlu.ee\\\/?s={search_term_string}\"},\"query-input\":{\"@type\":\"PropertyValueSpecification\",\"valueRequired\":true,\"valueName\":\"search_term_string\"}}],\"inLanguage\":\"en-US\"},{\"@type\":\"Organization\",\"@id\":\"https:\\\/\\\/eduspace.tlu.ee\\\/#organization\",\"name\":\"TL\u00dc EDUSPACE\",\"url\":\"https:\\\/\\\/eduspace.tlu.ee\\\/\",\"logo\":{\"@type\":\"ImageObject\",\"inLanguage\":\"en-US\",\"@id\":\"https:\\\/\\\/eduspace.tlu.ee\\\/#\\\/schema\\\/logo\\\/image\\\/\",\"url\":\"https:\\\/\\\/eduspace.tlu.ee\\\/wp-content\\\/uploads\\\/2025\\\/10\\\/cropped-edutlu.png\",\"contentUrl\":\"https:\\\/\\\/eduspace.tlu.ee\\\/wp-content\\\/uploads\\\/2025\\\/10\\\/cropped-edutlu.png\",\"width\":1532,\"height\":400,\"caption\":\"TL\u00dc EDUSPACE\"},\"image\":{\"@id\":\"https:\\\/\\\/eduspace.tlu.ee\\\/#\\\/schema\\\/logo\\\/image\\\/\"}}]}<\/script>\n<!-- \/ Yoast SEO plugin. -->","yoast_head_json":{"title":"TELL - TL\u00dc EDUSPACE","robots":{"index":"index","follow":"follow","max-snippet":"max-snippet:-1","max-image-preview":"max-image-preview:large","max-video-preview":"max-video-preview:-1"},"canonical":"https:\/\/eduspace.tlu.ee\/en\/tell\/","og_locale":"en_US","og_type":"article","og_title":"TELL - TL\u00dc EDUSPACE","og_description":"\u2282 Technology-Enchanced Foreign Language Learning \u2283 Project duration 01.09.2021-30.06.2024 \u00a0 \u00a0 \u00a0 \u00a0 \u00a0 \u00a0 \u00a0 \u00a0 \u00a0 Tallinn University Research Fund Project &#8220;Technology-Enhanced Foreign Language Learning&#8221; Tallinn University&#8217;s research fund project &#8220;Technology-Enhanced Foreign Language Learning: Establishing an Interdisciplinary Research Group for Developing Research Methods and Instruments&#8221; 01.09.2021 &#8211; 30.06.2024. The need for the project [&hellip;]","og_url":"https:\/\/eduspace.tlu.ee\/en\/tell\/","og_site_name":"TL\u00dc EDUSPACE","article_modified_time":"2024-07-12T14:50:25+00:00","og_image":[{"url":"https:\/\/eduspace.tlu.ee\/wp-content\/uploads\/2020\/09\/favicon-32x32-1.png","type":"","width":"","height":""}],"twitter_card":"summary_large_image","twitter_misc":{"Est. reading time":"2 minutes"},"schema":{"@context":"https:\/\/schema.org","@graph":[{"@type":"WebPage","@id":"https:\/\/eduspace.tlu.ee\/en\/tell\/","url":"https:\/\/eduspace.tlu.ee\/en\/tell\/","name":"TELL - TL\u00dc EDUSPACE","isPartOf":{"@id":"https:\/\/eduspace.tlu.ee\/#website"},"primaryImageOfPage":{"@id":"https:\/\/eduspace.tlu.ee\/en\/tell\/#primaryimage"},"image":{"@id":"https:\/\/eduspace.tlu.ee\/en\/tell\/#primaryimage"},"thumbnailUrl":"https:\/\/eduspace.tlu.ee\/wp-content\/uploads\/2020\/09\/favicon-32x32-1.png","datePublished":"2024-07-12T14:44:42+00:00","dateModified":"2024-07-12T14:50:25+00:00","breadcrumb":{"@id":"https:\/\/eduspace.tlu.ee\/en\/tell\/#breadcrumb"},"inLanguage":"en-US","potentialAction":[{"@type":"ReadAction","target":["https:\/\/eduspace.tlu.ee\/en\/tell\/"]}]},{"@type":"ImageObject","inLanguage":"en-US","@id":"https:\/\/eduspace.tlu.ee\/en\/tell\/#primaryimage","url":"https:\/\/eduspace.tlu.ee\/wp-content\/uploads\/2020\/09\/favicon-32x32-1.png","contentUrl":"https:\/\/eduspace.tlu.ee\/wp-content\/uploads\/2020\/09\/favicon-32x32-1.png"},{"@type":"BreadcrumbList","@id":"https:\/\/eduspace.tlu.ee\/en\/tell\/#breadcrumb","itemListElement":[{"@type":"ListItem","position":1,"name":"Home","item":"https:\/\/eduspace.tlu.ee\/en\/"},{"@type":"ListItem","position":2,"name":"TELL"}]},{"@type":"WebSite","@id":"https:\/\/eduspace.tlu.ee\/#website","url":"https:\/\/eduspace.tlu.ee\/","name":"TL\u00dc EDUSPACE","description":"TL\u00dc EDUSPACE","publisher":{"@id":"https:\/\/eduspace.tlu.ee\/#organization"},"potentialAction":[{"@type":"SearchAction","target":{"@type":"EntryPoint","urlTemplate":"https:\/\/eduspace.tlu.ee\/?s={search_term_string}"},"query-input":{"@type":"PropertyValueSpecification","valueRequired":true,"valueName":"search_term_string"}}],"inLanguage":"en-US"},{"@type":"Organization","@id":"https:\/\/eduspace.tlu.ee\/#organization","name":"TL\u00dc EDUSPACE","url":"https:\/\/eduspace.tlu.ee\/","logo":{"@type":"ImageObject","inLanguage":"en-US","@id":"https:\/\/eduspace.tlu.ee\/#\/schema\/logo\/image\/","url":"https:\/\/eduspace.tlu.ee\/wp-content\/uploads\/2025\/10\/cropped-edutlu.png","contentUrl":"https:\/\/eduspace.tlu.ee\/wp-content\/uploads\/2025\/10\/cropped-edutlu.png","width":1532,"height":400,"caption":"TL\u00dc EDUSPACE"},"image":{"@id":"https:\/\/eduspace.tlu.ee\/#\/schema\/logo\/image\/"}}]}},"_links":{"self":[{"href":"https:\/\/eduspace.tlu.ee\/en\/wp-json\/wp\/v2\/pages\/8716","targetHints":{"allow":["GET"]}}],"collection":[{"href":"https:\/\/eduspace.tlu.ee\/en\/wp-json\/wp\/v2\/pages"}],"about":[{"href":"https:\/\/eduspace.tlu.ee\/en\/wp-json\/wp\/v2\/types\/page"}],"author":[{"embeddable":true,"href":"https:\/\/eduspace.tlu.ee\/en\/wp-json\/wp\/v2\/users\/4"}],"replies":[{"embeddable":true,"href":"https:\/\/eduspace.tlu.ee\/en\/wp-json\/wp\/v2\/comments?post=8716"}],"version-history":[{"count":2,"href":"https:\/\/eduspace.tlu.ee\/en\/wp-json\/wp\/v2\/pages\/8716\/revisions"}],"predecessor-version":[{"id":8719,"href":"https:\/\/eduspace.tlu.ee\/en\/wp-json\/wp\/v2\/pages\/8716\/revisions\/8719"}],"wp:attachment":[{"href":"https:\/\/eduspace.tlu.ee\/en\/wp-json\/wp\/v2\/media?parent=8716"}],"curies":[{"name":"wp","href":"https:\/\/api.w.org\/{rel}","templated":true}]}}