{"id":5923,"date":"2022-04-22T13:36:06","date_gmt":"2022-04-22T10:36:06","guid":{"rendered":"https:\/\/eduspace.tlu.ee\/my-future-colleague-robot\/"},"modified":"2022-06-17T13:22:39","modified_gmt":"2022-06-17T10:22:39","slug":"my-future-colleague-robot","status":"publish","type":"page","link":"https:\/\/eduspace.tlu.ee\/en\/my-future-colleague-robot\/","title":{"rendered":"My Future Colleague Robot"},"content":{"rendered":"\n\n\t<h1><em>MY FUTURE COLLEAGUE ROBOT<\/em><\/h1>\n\n\t\t\t\t<a href=\"https:\/\/drive.google.com\/file\/d\/17VKCH9vxVvpwdAoFzoTWzW4Z1qqQQyIG\/view?usp=sharing\" target=\"_blank\" rel=\"noopener\" itemprop=\"url\">\n\t\t\t\t<img loading=\"lazy\" decoding=\"async\" src=\"https:\/\/eduspace.tlu.ee\/wp-content\/uploads\/2021\/09\/efcfc9fe061bd9a4fef2c8e5be43c777184dac92-300x200.png\" alt=\"Visioonivihik robot\" itemprop=\"image\" height=\"200\" width=\"300\" title=\"efcfc9fe061bd9a4fef2c8e5be43c777184dac92\" onerror=\"this.style.display='none'\"  \/>\n\t\t\t\t<\/a>\n\t\t\t<a href=\"https:\/\/drive.google.com\/file\/d\/17VKCH9vxVvpwdAoFzoTWzW4Z1qqQQyIG\/view?usp=sharing\" target=\"_blank\" role=\"button\" rel=\"noopener\">\n\t\t\t\t\t\tDownload the vision booklet here\n\t\t<\/a>\n\t<p>In the<strong> &#8220;My Future Colleague Robot&#8221;<\/strong> vision booklet, teachers from different countries and universities talk openly about their ideas and dreams about how their work and private lives will change over the last ten years. The reflections in the form of an essay alternate with video interviews, and summaries of students&#8217; research articles are included.<\/p>\n<p>Authors: Janika Leoste, Larissa J\u00f5gi, Maire Tuul, Tiiu Tammem\u00e4e, Meidi Sirk, Mihkel Kangur (LTI), Indrek Grauberg (\u00dcTI), T\u00f5nu Viik, Aleksandra Ljalikova (T\u00dcHI), students of Tallinn University and representatives of various parties from Estonia and abroad.<\/p>\n<hr \/>\n\t<p>By 2021, the TLU EDUSPACE laboratory will have the capacity to offer internships introducing the use of artificial intelligence (AI) to students studying in non-ICT curricula. Behavioral models are created for simple AI robots to help understand the implementation of this type of robots.<\/p>\n<strong>Cooperation partners:<\/strong> King Rey Juan Carlos University (URJC) research group, Poppy Station, Clearbot SIA<br \/>\n<strong>Financer:<\/strong> Information Technology Foundation for Education (HITSA)<br \/>\n<strong>Period:<\/strong> 2020-2021\n\t\t\t<a href=\"https:\/\/www.etis.ee\/Portal\/Projects\/Display\/70901223-16f4-48ca-b19c-5937d8d775d4\" target=\"_blank\" role=\"button\" rel=\"noopener\">\n\t\t\t\t\t\tMore information at ETIS.ee\n\t\t<\/a>\n\t<h3>OUR RELATIONSHIP WITH ROBOTS IN THE FUTURE<\/h3>\n<p>T\u00f5nu Viik<\/p>\n\t<iframe loading=\"lazy\" title=\"Our relationship with robots in the future\" width=\"500\" height=\"281\" src=\"https:\/\/www.youtube.com\/embed\/insCwz7eo_E?feature=oembed\" frameborder=\"0\" allow=\"accelerometer; autoplay; clipboard-write; encrypted-media; gyroscope; picture-in-picture\" allowfullscreen><\/iframe>\n\t<h3>CAN WE IMPROVE THE WORLDS WITH ROBOTS?<\/h3>\n<p>Mihkel Kangur<\/p>\n\t<iframe loading=\"lazy\" title=\"Can we improve the world with robots?\" width=\"500\" height=\"281\" src=\"https:\/\/www.youtube.com\/embed\/4x11ow9aJko?feature=oembed\" frameborder=\"0\" allow=\"accelerometer; autoplay; clipboard-write; encrypted-media; gyroscope; picture-in-picture\" allowfullscreen><\/iframe>\n\t<h3>DO ROBOTS HAVE PASSIVE LEGAL CAPACITY?<\/h3>\n<p>Indrek Grauberg<\/p>\n\t<iframe loading=\"lazy\" title=\"Do robots have passive legal capacity?\" width=\"500\" height=\"281\" src=\"https:\/\/www.youtube.com\/embed\/6DsIMRnC3LY?feature=oembed\" frameborder=\"0\" allow=\"accelerometer; autoplay; clipboard-write; encrypted-media; gyroscope; picture-in-picture\" allowfullscreen><\/iframe>\n\n","protected":false},"excerpt":{"rendered":"<p>MY FUTURE COLLEAGUE ROBOT Download the vision booklet here In the &#8220;My Future Colleague Robot&#8221; vision booklet, teachers from different countries and universities talk openly about their ideas and dreams about how their work and private lives will change over the last ten years. The reflections in the form of an essay alternate with video [&hellip;]<\/p>\n","protected":false},"author":4,"featured_media":1665,"parent":0,"menu_order":0,"comment_status":"closed","ping_status":"closed","template":"","meta":{"site-sidebar-layout":"no-sidebar","site-content-layout":"page-builder","ast-site-content-layout":"default","site-content-style":"default","site-sidebar-style":"default","ast-global-header-display":"","ast-banner-title-visibility":"","ast-main-header-display":"","ast-hfb-above-header-display":"","ast-hfb-below-header-display":"","ast-hfb-mobile-header-display":"","site-post-title":"disabled","ast-breadcrumbs-content":"","ast-featured-img":"disabled","footer-sml-layout":"","ast-disable-related-posts":"","theme-transparent-header-meta":"default","adv-header-id-meta":"","stick-header-meta":"default","header-above-stick-meta":"","header-main-stick-meta":"","header-below-stick-meta":"","astra-migrate-meta-layouts":"default","ast-page-background-enabled":"default","ast-page-background-meta":{"desktop":{"background-color":"","background-image":"","background-repeat":"repeat","background-position":"center center","background-size":"auto","background-attachment":"scroll","background-type":"","background-media":"","overlay-type":"","overlay-color":"","overlay-opacity":"","overlay-gradient":""},"tablet":{"background-color":"","background-image":"","background-repeat":"repeat","background-position":"center center","background-size":"auto","background-attachment":"scroll","background-type":"","background-media":"","overlay-type":"","overlay-color":"","overlay-opacity":"","overlay-gradient":""},"mobile":{"background-color":"","background-image":"","background-repeat":"repeat","background-position":"center center","background-size":"auto","background-attachment":"scroll","background-type":"","background-media":"","overlay-type":"","overlay-color":"","overlay-opacity":"","overlay-gradient":""}},"ast-content-background-meta":{"desktop":{"background-color":"var(--ast-global-color-5)","background-image":"","background-repeat":"repeat","background-position":"center center","background-size":"auto","background-attachment":"scroll","background-type":"","background-media":"","overlay-type":"","overlay-color":"","overlay-opacity":"","overlay-gradient":""},"tablet":{"background-color":"var(--ast-global-color-5)","background-image":"","background-repeat":"repeat","background-position":"center center","background-size":"auto","background-attachment":"scroll","background-type":"","background-media":"","overlay-type":"","overlay-color":"","overlay-opacity":"","overlay-gradient":""},"mobile":{"background-color":"var(--ast-global-color-5)","background-image":"","background-repeat":"repeat","background-position":"center center","background-size":"auto","background-attachment":"scroll","background-type":"","background-media":"","overlay-type":"","overlay-color":"","overlay-opacity":"","overlay-gradient":""}},"footnotes":""},"class_list":["post-5923","page","type-page","status-publish","has-post-thumbnail","hentry"],"yoast_head":"<!-- This site is optimized with the Yoast SEO plugin v27.4 - https:\/\/yoast.com\/product\/yoast-seo-wordpress\/ -->\n<title>My Future Colleague Robot - TL\u00dc EDUSPACE<\/title>\n<meta name=\"description\" content=\"Tutvu meie labori k\u00e4imasolevate uuringute ja projektidega! Ootame \u00f5petajaid testima juba v\u00e4ljat\u00f6\u00f6tatud \u00f5ppematerjale ja -meetodeid.\" \/>\n<meta name=\"robots\" content=\"index, follow, max-snippet:-1, max-image-preview:large, max-video-preview:-1\" \/>\n<link rel=\"canonical\" href=\"https:\/\/eduspace.tlu.ee\/en\/my-future-colleague-robot\/\" \/>\n<meta property=\"og:locale\" content=\"en_US\" \/>\n<meta property=\"og:type\" content=\"article\" \/>\n<meta property=\"og:title\" content=\"My Future Colleague Robot - TL\u00dc EDUSPACE\" \/>\n<meta property=\"og:description\" content=\"Tutvu meie labori k\u00e4imasolevate uuringute ja projektidega! Ootame \u00f5petajaid testima juba v\u00e4ljat\u00f6\u00f6tatud \u00f5ppematerjale ja -meetodeid.\" \/>\n<meta property=\"og:url\" content=\"https:\/\/eduspace.tlu.ee\/en\/my-future-colleague-robot\/\" \/>\n<meta property=\"og:site_name\" content=\"TL\u00dc EDUSPACE\" \/>\n<meta property=\"article:modified_time\" content=\"2022-06-17T10:22:39+00:00\" \/>\n<meta property=\"og:image\" content=\"https:\/\/eduspace.tlu.ee\/wp-content\/uploads\/2020\/09\/eduspace-projektid.jpg\" \/>\n\t<meta property=\"og:image:width\" content=\"1200\" \/>\n\t<meta property=\"og:image:height\" content=\"900\" \/>\n\t<meta property=\"og:image:type\" content=\"image\/jpeg\" \/>\n<meta name=\"twitter:card\" content=\"summary_large_image\" \/>\n<meta name=\"twitter:label1\" content=\"Est. reading time\" \/>\n\t<meta name=\"twitter:data1\" content=\"1 minute\" \/>\n<script type=\"application\/ld+json\" class=\"yoast-schema-graph\">{\"@context\":\"https:\\\/\\\/schema.org\",\"@graph\":[{\"@type\":\"WebPage\",\"@id\":\"https:\\\/\\\/eduspace.tlu.ee\\\/en\\\/my-future-colleague-robot\\\/\",\"url\":\"https:\\\/\\\/eduspace.tlu.ee\\\/en\\\/my-future-colleague-robot\\\/\",\"name\":\"My Future Colleague Robot - TL\u00dc EDUSPACE\",\"isPartOf\":{\"@id\":\"https:\\\/\\\/eduspace.tlu.ee\\\/#website\"},\"primaryImageOfPage\":{\"@id\":\"https:\\\/\\\/eduspace.tlu.ee\\\/en\\\/my-future-colleague-robot\\\/#primaryimage\"},\"image\":{\"@id\":\"https:\\\/\\\/eduspace.tlu.ee\\\/en\\\/my-future-colleague-robot\\\/#primaryimage\"},\"thumbnailUrl\":\"https:\\\/\\\/eduspace.tlu.ee\\\/wp-content\\\/uploads\\\/2020\\\/09\\\/eduspace-projektid.jpg\",\"datePublished\":\"2022-04-22T10:36:06+00:00\",\"dateModified\":\"2022-06-17T10:22:39+00:00\",\"description\":\"Tutvu meie labori k\u00e4imasolevate uuringute ja projektidega! Ootame \u00f5petajaid testima juba v\u00e4ljat\u00f6\u00f6tatud \u00f5ppematerjale ja -meetodeid.\",\"breadcrumb\":{\"@id\":\"https:\\\/\\\/eduspace.tlu.ee\\\/en\\\/my-future-colleague-robot\\\/#breadcrumb\"},\"inLanguage\":\"en-US\",\"potentialAction\":[{\"@type\":\"ReadAction\",\"target\":[\"https:\\\/\\\/eduspace.tlu.ee\\\/en\\\/my-future-colleague-robot\\\/\"]}]},{\"@type\":\"ImageObject\",\"inLanguage\":\"en-US\",\"@id\":\"https:\\\/\\\/eduspace.tlu.ee\\\/en\\\/my-future-colleague-robot\\\/#primaryimage\",\"url\":\"https:\\\/\\\/eduspace.tlu.ee\\\/wp-content\\\/uploads\\\/2020\\\/09\\\/eduspace-projektid.jpg\",\"contentUrl\":\"https:\\\/\\\/eduspace.tlu.ee\\\/wp-content\\\/uploads\\\/2020\\\/09\\\/eduspace-projektid.jpg\",\"width\":1200,\"height\":900},{\"@type\":\"BreadcrumbList\",\"@id\":\"https:\\\/\\\/eduspace.tlu.ee\\\/en\\\/my-future-colleague-robot\\\/#breadcrumb\",\"itemListElement\":[{\"@type\":\"ListItem\",\"position\":1,\"name\":\"Home\",\"item\":\"https:\\\/\\\/eduspace.tlu.ee\\\/en\\\/\"},{\"@type\":\"ListItem\",\"position\":2,\"name\":\"My Future Colleague Robot\"}]},{\"@type\":\"WebSite\",\"@id\":\"https:\\\/\\\/eduspace.tlu.ee\\\/#website\",\"url\":\"https:\\\/\\\/eduspace.tlu.ee\\\/\",\"name\":\"TL\u00dc EDUSPACE\",\"description\":\"TL\u00dc EDUSPACE\",\"publisher\":{\"@id\":\"https:\\\/\\\/eduspace.tlu.ee\\\/#organization\"},\"potentialAction\":[{\"@type\":\"SearchAction\",\"target\":{\"@type\":\"EntryPoint\",\"urlTemplate\":\"https:\\\/\\\/eduspace.tlu.ee\\\/?s={search_term_string}\"},\"query-input\":{\"@type\":\"PropertyValueSpecification\",\"valueRequired\":true,\"valueName\":\"search_term_string\"}}],\"inLanguage\":\"en-US\"},{\"@type\":\"Organization\",\"@id\":\"https:\\\/\\\/eduspace.tlu.ee\\\/#organization\",\"name\":\"TL\u00dc EDUSPACE\",\"url\":\"https:\\\/\\\/eduspace.tlu.ee\\\/\",\"logo\":{\"@type\":\"ImageObject\",\"inLanguage\":\"en-US\",\"@id\":\"https:\\\/\\\/eduspace.tlu.ee\\\/#\\\/schema\\\/logo\\\/image\\\/\",\"url\":\"https:\\\/\\\/eduspace.tlu.ee\\\/wp-content\\\/uploads\\\/2025\\\/10\\\/cropped-edutlu.png\",\"contentUrl\":\"https:\\\/\\\/eduspace.tlu.ee\\\/wp-content\\\/uploads\\\/2025\\\/10\\\/cropped-edutlu.png\",\"width\":1532,\"height\":400,\"caption\":\"TL\u00dc EDUSPACE\"},\"image\":{\"@id\":\"https:\\\/\\\/eduspace.tlu.ee\\\/#\\\/schema\\\/logo\\\/image\\\/\"}}]}<\/script>\n<!-- \/ Yoast SEO plugin. -->","yoast_head_json":{"title":"My Future Colleague Robot - TL\u00dc EDUSPACE","description":"Tutvu meie labori k\u00e4imasolevate uuringute ja projektidega! Ootame \u00f5petajaid testima juba v\u00e4ljat\u00f6\u00f6tatud \u00f5ppematerjale ja -meetodeid.","robots":{"index":"index","follow":"follow","max-snippet":"max-snippet:-1","max-image-preview":"max-image-preview:large","max-video-preview":"max-video-preview:-1"},"canonical":"https:\/\/eduspace.tlu.ee\/en\/my-future-colleague-robot\/","og_locale":"en_US","og_type":"article","og_title":"My Future Colleague Robot - TL\u00dc EDUSPACE","og_description":"Tutvu meie labori k\u00e4imasolevate uuringute ja projektidega! Ootame \u00f5petajaid testima juba v\u00e4ljat\u00f6\u00f6tatud \u00f5ppematerjale ja -meetodeid.","og_url":"https:\/\/eduspace.tlu.ee\/en\/my-future-colleague-robot\/","og_site_name":"TL\u00dc EDUSPACE","article_modified_time":"2022-06-17T10:22:39+00:00","og_image":[{"width":1200,"height":900,"url":"https:\/\/eduspace.tlu.ee\/wp-content\/uploads\/2020\/09\/eduspace-projektid.jpg","type":"image\/jpeg"}],"twitter_card":"summary_large_image","twitter_misc":{"Est. reading time":"1 minute"},"schema":{"@context":"https:\/\/schema.org","@graph":[{"@type":"WebPage","@id":"https:\/\/eduspace.tlu.ee\/en\/my-future-colleague-robot\/","url":"https:\/\/eduspace.tlu.ee\/en\/my-future-colleague-robot\/","name":"My Future Colleague Robot - TL\u00dc EDUSPACE","isPartOf":{"@id":"https:\/\/eduspace.tlu.ee\/#website"},"primaryImageOfPage":{"@id":"https:\/\/eduspace.tlu.ee\/en\/my-future-colleague-robot\/#primaryimage"},"image":{"@id":"https:\/\/eduspace.tlu.ee\/en\/my-future-colleague-robot\/#primaryimage"},"thumbnailUrl":"https:\/\/eduspace.tlu.ee\/wp-content\/uploads\/2020\/09\/eduspace-projektid.jpg","datePublished":"2022-04-22T10:36:06+00:00","dateModified":"2022-06-17T10:22:39+00:00","description":"Tutvu meie labori k\u00e4imasolevate uuringute ja projektidega! Ootame \u00f5petajaid testima juba v\u00e4ljat\u00f6\u00f6tatud \u00f5ppematerjale ja -meetodeid.","breadcrumb":{"@id":"https:\/\/eduspace.tlu.ee\/en\/my-future-colleague-robot\/#breadcrumb"},"inLanguage":"en-US","potentialAction":[{"@type":"ReadAction","target":["https:\/\/eduspace.tlu.ee\/en\/my-future-colleague-robot\/"]}]},{"@type":"ImageObject","inLanguage":"en-US","@id":"https:\/\/eduspace.tlu.ee\/en\/my-future-colleague-robot\/#primaryimage","url":"https:\/\/eduspace.tlu.ee\/wp-content\/uploads\/2020\/09\/eduspace-projektid.jpg","contentUrl":"https:\/\/eduspace.tlu.ee\/wp-content\/uploads\/2020\/09\/eduspace-projektid.jpg","width":1200,"height":900},{"@type":"BreadcrumbList","@id":"https:\/\/eduspace.tlu.ee\/en\/my-future-colleague-robot\/#breadcrumb","itemListElement":[{"@type":"ListItem","position":1,"name":"Home","item":"https:\/\/eduspace.tlu.ee\/en\/"},{"@type":"ListItem","position":2,"name":"My Future Colleague Robot"}]},{"@type":"WebSite","@id":"https:\/\/eduspace.tlu.ee\/#website","url":"https:\/\/eduspace.tlu.ee\/","name":"TL\u00dc EDUSPACE","description":"TL\u00dc EDUSPACE","publisher":{"@id":"https:\/\/eduspace.tlu.ee\/#organization"},"potentialAction":[{"@type":"SearchAction","target":{"@type":"EntryPoint","urlTemplate":"https:\/\/eduspace.tlu.ee\/?s={search_term_string}"},"query-input":{"@type":"PropertyValueSpecification","valueRequired":true,"valueName":"search_term_string"}}],"inLanguage":"en-US"},{"@type":"Organization","@id":"https:\/\/eduspace.tlu.ee\/#organization","name":"TL\u00dc EDUSPACE","url":"https:\/\/eduspace.tlu.ee\/","logo":{"@type":"ImageObject","inLanguage":"en-US","@id":"https:\/\/eduspace.tlu.ee\/#\/schema\/logo\/image\/","url":"https:\/\/eduspace.tlu.ee\/wp-content\/uploads\/2025\/10\/cropped-edutlu.png","contentUrl":"https:\/\/eduspace.tlu.ee\/wp-content\/uploads\/2025\/10\/cropped-edutlu.png","width":1532,"height":400,"caption":"TL\u00dc EDUSPACE"},"image":{"@id":"https:\/\/eduspace.tlu.ee\/#\/schema\/logo\/image\/"}}]}},"_links":{"self":[{"href":"https:\/\/eduspace.tlu.ee\/en\/wp-json\/wp\/v2\/pages\/5923","targetHints":{"allow":["GET"]}}],"collection":[{"href":"https:\/\/eduspace.tlu.ee\/en\/wp-json\/wp\/v2\/pages"}],"about":[{"href":"https:\/\/eduspace.tlu.ee\/en\/wp-json\/wp\/v2\/types\/page"}],"author":[{"embeddable":true,"href":"https:\/\/eduspace.tlu.ee\/en\/wp-json\/wp\/v2\/users\/4"}],"replies":[{"embeddable":true,"href":"https:\/\/eduspace.tlu.ee\/en\/wp-json\/wp\/v2\/comments?post=5923"}],"version-history":[{"count":2,"href":"https:\/\/eduspace.tlu.ee\/en\/wp-json\/wp\/v2\/pages\/5923\/revisions"}],"predecessor-version":[{"id":6342,"href":"https:\/\/eduspace.tlu.ee\/en\/wp-json\/wp\/v2\/pages\/5923\/revisions\/6342"}],"wp:featuredmedia":[{"embeddable":true,"href":"https:\/\/eduspace.tlu.ee\/en\/wp-json\/wp\/v2\/media\/1665"}],"wp:attachment":[{"href":"https:\/\/eduspace.tlu.ee\/en\/wp-json\/wp\/v2\/media?parent=5923"}],"curies":[{"name":"wp","href":"https:\/\/api.w.org\/{rel}","templated":true}]}}