{"id":5838,"date":"2022-04-21T21:35:44","date_gmt":"2022-04-21T18:35:44","guid":{"rendered":"https:\/\/eduspace.tlu.ee\/augmented-reality-game2\/"},"modified":"2022-05-05T09:05:15","modified_gmt":"2022-05-05T06:05:15","slug":"augmented-reality-game","status":"publish","type":"page","link":"https:\/\/eduspace.tlu.ee\/en\/augmented-reality-game\/","title":{"rendered":"Augmented reality game"},"content":{"rendered":"\n\n\t<h1><em>AUGMENTED REALITY GAME<\/em><\/h1>\n\n\t\t\t<a href=\"https:\/\/www.tlu.ee\/en\/argame\" target=\"_blank\" role=\"button\" rel=\"noopener\">\n\t\t\t\t\t\tCHECK OUT THE GAME\n\t\t<\/a>\n\t<iframe loading=\"lazy\" title=\"Liitreaalsusm\u00e4ng lasteaedadele ja algklassidele. Augmented Reality Game for Kindergartens\" width=\"500\" height=\"281\" src=\"https:\/\/www.youtube.com\/embed\/GKDCGBcQoQ0?feature=oembed\" frameborder=\"0\" allow=\"accelerometer; autoplay; clipboard-write; encrypted-media; gyroscope; picture-in-picture\" allowfullscreen><\/iframe>\n\t<iframe loading=\"lazy\" title=\"An augmented reality game with Mobi Lab\" width=\"500\" height=\"281\" src=\"https:\/\/www.youtube.com\/embed\/LIWDYW-MSA4?feature=oembed\" frameborder=\"0\" allow=\"accelerometer; autoplay; clipboard-write; encrypted-media; gyroscope; picture-in-picture\" allowfullscreen><\/iframe>\n<h4><strong><em>EDUSPACE EDUCATIONAL SERVICE PROTOTYPE DEVELOPMENT<\/em><\/strong><\/h4>\n<p>EDUSPACE wants to enter the educational technology market, where so far there are few evidence-based products and services. Companies and start-ups producing digital solutions and STEAM learning tools want to adapt products and services successfully in their business environment for the education sector but they have little experience and opportunities to cooperation with educational institutions. They also have no direct contact with the end users of educational products: students and teachers to conduct a joint product development process. In this situation, a university is suitable for them, which ensures that the product developed within the framework of the partnership between university and business schools is compatible with the curriculum (e.g. pre-school group nature studies) or with the professional development of teachers (e.g. the development of teachers&#8217; digital competence based on the DigCompEdu framework).<\/p>\nWith the support of the pilot service, a prototype of the educational service will be created, which will help to better introduce Estonian nature to students at the level of primary and secondary education through augmented reality. In cooperation with Mobi Lab, the target group of the sample product is 6-7-year-old children.<br \/>\nThe target group of the service developed by EDUSPACE is all the start-up companies or companies producing educational technology that want to know:\n<ul>\n<li>How do target groups use the product or service for their educational purpose?<\/li>\n<li>What are the target group ratings for the product or does the product help to achieve the learning goals?<\/li>\n<\/ul>\n\t\t\t<a href=\"https:\/\/www.etis.ee\/Portal\/Projects\/Display\/70901223-16f4-48ca-b19c-5937d8d775d4\" target=\"_blank\" role=\"button\" rel=\"noopener\">\n\t\t\t\t\t\tMore information at ETIS.ee\n\t\t<\/a>\n\t<p>You can find information about the new and exciting Augmented Reality Game, born between the Institute of <a href=\"https:\/\/www.tlu.ee\/en\/hti\" target=\"_blank\" rel=\"noopener\">Educational Sciences of Tallinn University<\/a>, <a href=\"https:\/\/eduspace.tlu.ee\/en\/\" target=\"_blank\" rel=\"noopener\">EDUSPACE<\/a>, <a href=\"https:\/\/www.exu.tlu.ee\/home\" target=\"_blank\" rel=\"noopener\">EXU<\/a> and <a href=\"https:\/\/lab.mobi\/\" target=\"_blank\" rel=\"noopener\">MobiLab<\/a>, a joint cooperation project <a href=\"https:\/\/www.tlu.ee\/en\/argame\" target=\"_blank\" rel=\"noopener\">here<\/a>.<\/p>\n<strong>Cooperation partners: <\/strong>Mobi Lab<br \/>\n<strong>Financer: <\/strong>Tallinn University Research Foundation<br \/>\n<strong>Period: <\/strong>2020\n<hr \/>\n\t<p>See also ETV Terevisioon program about augmented reality game created in cooperation between Tallinn University and MobiLab (in estonian):<\/p>\n<p><a href=\"https:\/\/etv.err.ee\/1608166192\/liitreaalsus-hariduses\" target=\"_blank\" rel=\"noopener\">https:\/\/etv.err.ee\/1608166192\/liitreaalsus-hariduses<\/a><\/p>\n\t<iframe loading=\"lazy\" title=\"Kuidas \u00f5pilased tegelikult grupit\u00f6\u00f6 ajal \u00f5pivad? How to students actually learn during group work?\" width=\"500\" height=\"281\" src=\"https:\/\/www.youtube.com\/embed\/efDHqlDth_g?feature=oembed\" frameborder=\"0\" allow=\"accelerometer; autoplay; clipboard-write; encrypted-media; gyroscope; picture-in-picture\" allowfullscreen><\/iframe>\n\t<iframe loading=\"lazy\" title=\"Liitreaalsusm\u00e4ng lasteaedadele ja algklassidele. Augmented Reality Game for Kindergartens\" width=\"500\" height=\"281\" src=\"https:\/\/www.youtube.com\/embed\/8uMXfjm2IgI?feature=oembed\" frameborder=\"0\" allow=\"accelerometer; autoplay; clipboard-write; encrypted-media; gyroscope; picture-in-picture\" allowfullscreen><\/iframe>\n\t<iframe loading=\"lazy\" title=\"Kuidas teha nii, et haridus kasvataks maailmamuutjaid? How can our education grow world changers?\" width=\"500\" height=\"281\" src=\"https:\/\/www.youtube.com\/embed\/SbY-SHjMDv0?feature=oembed\" frameborder=\"0\" allow=\"accelerometer; autoplay; clipboard-write; encrypted-media; gyroscope; picture-in-picture\" allowfullscreen><\/iframe>\n\n","protected":false},"excerpt":{"rendered":"<p>AUGMENTED REALITY GAME CHECK OUT THE GAME EDUSPACE EDUCATIONAL SERVICE PROTOTYPE DEVELOPMENT EDUSPACE wants to enter the educational technology market, where so far there are few evidence-based products and services. Companies and start-ups producing digital solutions and STEAM learning tools want to adapt products and services successfully in their business environment for the education sector [&hellip;]<\/p>\n","protected":false},"author":4,"featured_media":1665,"parent":0,"menu_order":0,"comment_status":"closed","ping_status":"closed","template":"","meta":{"site-sidebar-layout":"no-sidebar","site-content-layout":"page-builder","ast-site-content-layout":"default","site-content-style":"default","site-sidebar-style":"default","ast-global-header-display":"","ast-banner-title-visibility":"","ast-main-header-display":"","ast-hfb-above-header-display":"","ast-hfb-below-header-display":"","ast-hfb-mobile-header-display":"","site-post-title":"disabled","ast-breadcrumbs-content":"","ast-featured-img":"disabled","footer-sml-layout":"","ast-disable-related-posts":"","theme-transparent-header-meta":"default","adv-header-id-meta":"","stick-header-meta":"default","header-above-stick-meta":"","header-main-stick-meta":"","header-below-stick-meta":"","astra-migrate-meta-layouts":"default","ast-page-background-enabled":"default","ast-page-background-meta":{"desktop":{"background-color":"","background-image":"","background-repeat":"repeat","background-position":"center center","background-size":"auto","background-attachment":"scroll","background-type":"","background-media":"","overlay-type":"","overlay-color":"","overlay-opacity":"","overlay-gradient":""},"tablet":{"background-color":"","background-image":"","background-repeat":"repeat","background-position":"center center","background-size":"auto","background-attachment":"scroll","background-type":"","background-media":"","overlay-type":"","overlay-color":"","overlay-opacity":"","overlay-gradient":""},"mobile":{"background-color":"","background-image":"","background-repeat":"repeat","background-position":"center center","background-size":"auto","background-attachment":"scroll","background-type":"","background-media":"","overlay-type":"","overlay-color":"","overlay-opacity":"","overlay-gradient":""}},"ast-content-background-meta":{"desktop":{"background-color":"var(--ast-global-color-5)","background-image":"","background-repeat":"repeat","background-position":"center center","background-size":"auto","background-attachment":"scroll","background-type":"","background-media":"","overlay-type":"","overlay-color":"","overlay-opacity":"","overlay-gradient":""},"tablet":{"background-color":"var(--ast-global-color-5)","background-image":"","background-repeat":"repeat","background-position":"center center","background-size":"auto","background-attachment":"scroll","background-type":"","background-media":"","overlay-type":"","overlay-color":"","overlay-opacity":"","overlay-gradient":""},"mobile":{"background-color":"var(--ast-global-color-5)","background-image":"","background-repeat":"repeat","background-position":"center center","background-size":"auto","background-attachment":"scroll","background-type":"","background-media":"","overlay-type":"","overlay-color":"","overlay-opacity":"","overlay-gradient":""}},"footnotes":""},"class_list":["post-5838","page","type-page","status-publish","has-post-thumbnail","hentry"],"yoast_head":"<!-- This site is optimized with the Yoast SEO plugin v27.4 - https:\/\/yoast.com\/product\/yoast-seo-wordpress\/ -->\n<title>Augmented reality game - TL\u00dc EDUSPACE<\/title>\n<meta name=\"description\" content=\"Tutvu meie labori k\u00e4imasolevate uuringute ja projektidega! Ootame \u00f5petajaid testima juba v\u00e4ljat\u00f6\u00f6tatud \u00f5ppematerjale ja -meetodeid.\" \/>\n<meta name=\"robots\" content=\"index, follow, max-snippet:-1, max-image-preview:large, max-video-preview:-1\" \/>\n<link rel=\"canonical\" href=\"https:\/\/eduspace.tlu.ee\/en\/augmented-reality-game\/\" \/>\n<meta property=\"og:locale\" content=\"en_US\" \/>\n<meta property=\"og:type\" content=\"article\" \/>\n<meta property=\"og:title\" content=\"Augmented reality game - TL\u00dc EDUSPACE\" \/>\n<meta property=\"og:description\" content=\"Tutvu meie labori k\u00e4imasolevate uuringute ja projektidega! Ootame \u00f5petajaid testima juba v\u00e4ljat\u00f6\u00f6tatud \u00f5ppematerjale ja -meetodeid.\" \/>\n<meta property=\"og:url\" content=\"https:\/\/eduspace.tlu.ee\/en\/augmented-reality-game\/\" \/>\n<meta property=\"og:site_name\" content=\"TL\u00dc EDUSPACE\" \/>\n<meta property=\"article:modified_time\" content=\"2022-05-05T06:05:15+00:00\" \/>\n<meta property=\"og:image\" content=\"https:\/\/eduspace.tlu.ee\/wp-content\/uploads\/2020\/09\/eduspace-projektid.jpg\" \/>\n\t<meta property=\"og:image:width\" content=\"1200\" \/>\n\t<meta property=\"og:image:height\" content=\"900\" \/>\n\t<meta property=\"og:image:type\" content=\"image\/jpeg\" \/>\n<meta name=\"twitter:card\" content=\"summary_large_image\" \/>\n<meta name=\"twitter:label1\" content=\"Est. reading time\" \/>\n\t<meta name=\"twitter:data1\" content=\"2 minutes\" \/>\n<script type=\"application\/ld+json\" class=\"yoast-schema-graph\">{\"@context\":\"https:\\\/\\\/schema.org\",\"@graph\":[{\"@type\":\"WebPage\",\"@id\":\"https:\\\/\\\/eduspace.tlu.ee\\\/en\\\/augmented-reality-game\\\/\",\"url\":\"https:\\\/\\\/eduspace.tlu.ee\\\/en\\\/augmented-reality-game\\\/\",\"name\":\"Augmented reality game - TL\u00dc EDUSPACE\",\"isPartOf\":{\"@id\":\"https:\\\/\\\/eduspace.tlu.ee\\\/#website\"},\"primaryImageOfPage\":{\"@id\":\"https:\\\/\\\/eduspace.tlu.ee\\\/en\\\/augmented-reality-game\\\/#primaryimage\"},\"image\":{\"@id\":\"https:\\\/\\\/eduspace.tlu.ee\\\/en\\\/augmented-reality-game\\\/#primaryimage\"},\"thumbnailUrl\":\"https:\\\/\\\/eduspace.tlu.ee\\\/wp-content\\\/uploads\\\/2020\\\/09\\\/eduspace-projektid.jpg\",\"datePublished\":\"2022-04-21T18:35:44+00:00\",\"dateModified\":\"2022-05-05T06:05:15+00:00\",\"description\":\"Tutvu meie labori k\u00e4imasolevate uuringute ja projektidega! Ootame \u00f5petajaid testima juba v\u00e4ljat\u00f6\u00f6tatud \u00f5ppematerjale ja -meetodeid.\",\"breadcrumb\":{\"@id\":\"https:\\\/\\\/eduspace.tlu.ee\\\/en\\\/augmented-reality-game\\\/#breadcrumb\"},\"inLanguage\":\"en-US\",\"potentialAction\":[{\"@type\":\"ReadAction\",\"target\":[\"https:\\\/\\\/eduspace.tlu.ee\\\/en\\\/augmented-reality-game\\\/\"]}]},{\"@type\":\"ImageObject\",\"inLanguage\":\"en-US\",\"@id\":\"https:\\\/\\\/eduspace.tlu.ee\\\/en\\\/augmented-reality-game\\\/#primaryimage\",\"url\":\"https:\\\/\\\/eduspace.tlu.ee\\\/wp-content\\\/uploads\\\/2020\\\/09\\\/eduspace-projektid.jpg\",\"contentUrl\":\"https:\\\/\\\/eduspace.tlu.ee\\\/wp-content\\\/uploads\\\/2020\\\/09\\\/eduspace-projektid.jpg\",\"width\":1200,\"height\":900},{\"@type\":\"BreadcrumbList\",\"@id\":\"https:\\\/\\\/eduspace.tlu.ee\\\/en\\\/augmented-reality-game\\\/#breadcrumb\",\"itemListElement\":[{\"@type\":\"ListItem\",\"position\":1,\"name\":\"Home\",\"item\":\"https:\\\/\\\/eduspace.tlu.ee\\\/en\\\/\"},{\"@type\":\"ListItem\",\"position\":2,\"name\":\"Augmented reality game\"}]},{\"@type\":\"WebSite\",\"@id\":\"https:\\\/\\\/eduspace.tlu.ee\\\/#website\",\"url\":\"https:\\\/\\\/eduspace.tlu.ee\\\/\",\"name\":\"TL\u00dc EDUSPACE\",\"description\":\"TL\u00dc EDUSPACE\",\"publisher\":{\"@id\":\"https:\\\/\\\/eduspace.tlu.ee\\\/#organization\"},\"potentialAction\":[{\"@type\":\"SearchAction\",\"target\":{\"@type\":\"EntryPoint\",\"urlTemplate\":\"https:\\\/\\\/eduspace.tlu.ee\\\/?s={search_term_string}\"},\"query-input\":{\"@type\":\"PropertyValueSpecification\",\"valueRequired\":true,\"valueName\":\"search_term_string\"}}],\"inLanguage\":\"en-US\"},{\"@type\":\"Organization\",\"@id\":\"https:\\\/\\\/eduspace.tlu.ee\\\/#organization\",\"name\":\"TL\u00dc EDUSPACE\",\"url\":\"https:\\\/\\\/eduspace.tlu.ee\\\/\",\"logo\":{\"@type\":\"ImageObject\",\"inLanguage\":\"en-US\",\"@id\":\"https:\\\/\\\/eduspace.tlu.ee\\\/#\\\/schema\\\/logo\\\/image\\\/\",\"url\":\"https:\\\/\\\/eduspace.tlu.ee\\\/wp-content\\\/uploads\\\/2025\\\/10\\\/cropped-edutlu.png\",\"contentUrl\":\"https:\\\/\\\/eduspace.tlu.ee\\\/wp-content\\\/uploads\\\/2025\\\/10\\\/cropped-edutlu.png\",\"width\":1532,\"height\":400,\"caption\":\"TL\u00dc EDUSPACE\"},\"image\":{\"@id\":\"https:\\\/\\\/eduspace.tlu.ee\\\/#\\\/schema\\\/logo\\\/image\\\/\"}}]}<\/script>\n<!-- \/ Yoast SEO plugin. -->","yoast_head_json":{"title":"Augmented reality game - TL\u00dc EDUSPACE","description":"Tutvu meie labori k\u00e4imasolevate uuringute ja projektidega! Ootame \u00f5petajaid testima juba v\u00e4ljat\u00f6\u00f6tatud \u00f5ppematerjale ja -meetodeid.","robots":{"index":"index","follow":"follow","max-snippet":"max-snippet:-1","max-image-preview":"max-image-preview:large","max-video-preview":"max-video-preview:-1"},"canonical":"https:\/\/eduspace.tlu.ee\/en\/augmented-reality-game\/","og_locale":"en_US","og_type":"article","og_title":"Augmented reality game - TL\u00dc EDUSPACE","og_description":"Tutvu meie labori k\u00e4imasolevate uuringute ja projektidega! Ootame \u00f5petajaid testima juba v\u00e4ljat\u00f6\u00f6tatud \u00f5ppematerjale ja -meetodeid.","og_url":"https:\/\/eduspace.tlu.ee\/en\/augmented-reality-game\/","og_site_name":"TL\u00dc EDUSPACE","article_modified_time":"2022-05-05T06:05:15+00:00","og_image":[{"width":1200,"height":900,"url":"https:\/\/eduspace.tlu.ee\/wp-content\/uploads\/2020\/09\/eduspace-projektid.jpg","type":"image\/jpeg"}],"twitter_card":"summary_large_image","twitter_misc":{"Est. reading time":"2 minutes"},"schema":{"@context":"https:\/\/schema.org","@graph":[{"@type":"WebPage","@id":"https:\/\/eduspace.tlu.ee\/en\/augmented-reality-game\/","url":"https:\/\/eduspace.tlu.ee\/en\/augmented-reality-game\/","name":"Augmented reality game - TL\u00dc EDUSPACE","isPartOf":{"@id":"https:\/\/eduspace.tlu.ee\/#website"},"primaryImageOfPage":{"@id":"https:\/\/eduspace.tlu.ee\/en\/augmented-reality-game\/#primaryimage"},"image":{"@id":"https:\/\/eduspace.tlu.ee\/en\/augmented-reality-game\/#primaryimage"},"thumbnailUrl":"https:\/\/eduspace.tlu.ee\/wp-content\/uploads\/2020\/09\/eduspace-projektid.jpg","datePublished":"2022-04-21T18:35:44+00:00","dateModified":"2022-05-05T06:05:15+00:00","description":"Tutvu meie labori k\u00e4imasolevate uuringute ja projektidega! Ootame \u00f5petajaid testima juba v\u00e4ljat\u00f6\u00f6tatud \u00f5ppematerjale ja -meetodeid.","breadcrumb":{"@id":"https:\/\/eduspace.tlu.ee\/en\/augmented-reality-game\/#breadcrumb"},"inLanguage":"en-US","potentialAction":[{"@type":"ReadAction","target":["https:\/\/eduspace.tlu.ee\/en\/augmented-reality-game\/"]}]},{"@type":"ImageObject","inLanguage":"en-US","@id":"https:\/\/eduspace.tlu.ee\/en\/augmented-reality-game\/#primaryimage","url":"https:\/\/eduspace.tlu.ee\/wp-content\/uploads\/2020\/09\/eduspace-projektid.jpg","contentUrl":"https:\/\/eduspace.tlu.ee\/wp-content\/uploads\/2020\/09\/eduspace-projektid.jpg","width":1200,"height":900},{"@type":"BreadcrumbList","@id":"https:\/\/eduspace.tlu.ee\/en\/augmented-reality-game\/#breadcrumb","itemListElement":[{"@type":"ListItem","position":1,"name":"Home","item":"https:\/\/eduspace.tlu.ee\/en\/"},{"@type":"ListItem","position":2,"name":"Augmented reality game"}]},{"@type":"WebSite","@id":"https:\/\/eduspace.tlu.ee\/#website","url":"https:\/\/eduspace.tlu.ee\/","name":"TL\u00dc EDUSPACE","description":"TL\u00dc EDUSPACE","publisher":{"@id":"https:\/\/eduspace.tlu.ee\/#organization"},"potentialAction":[{"@type":"SearchAction","target":{"@type":"EntryPoint","urlTemplate":"https:\/\/eduspace.tlu.ee\/?s={search_term_string}"},"query-input":{"@type":"PropertyValueSpecification","valueRequired":true,"valueName":"search_term_string"}}],"inLanguage":"en-US"},{"@type":"Organization","@id":"https:\/\/eduspace.tlu.ee\/#organization","name":"TL\u00dc EDUSPACE","url":"https:\/\/eduspace.tlu.ee\/","logo":{"@type":"ImageObject","inLanguage":"en-US","@id":"https:\/\/eduspace.tlu.ee\/#\/schema\/logo\/image\/","url":"https:\/\/eduspace.tlu.ee\/wp-content\/uploads\/2025\/10\/cropped-edutlu.png","contentUrl":"https:\/\/eduspace.tlu.ee\/wp-content\/uploads\/2025\/10\/cropped-edutlu.png","width":1532,"height":400,"caption":"TL\u00dc EDUSPACE"},"image":{"@id":"https:\/\/eduspace.tlu.ee\/#\/schema\/logo\/image\/"}}]}},"_links":{"self":[{"href":"https:\/\/eduspace.tlu.ee\/en\/wp-json\/wp\/v2\/pages\/5838","targetHints":{"allow":["GET"]}}],"collection":[{"href":"https:\/\/eduspace.tlu.ee\/en\/wp-json\/wp\/v2\/pages"}],"about":[{"href":"https:\/\/eduspace.tlu.ee\/en\/wp-json\/wp\/v2\/types\/page"}],"author":[{"embeddable":true,"href":"https:\/\/eduspace.tlu.ee\/en\/wp-json\/wp\/v2\/users\/4"}],"replies":[{"embeddable":true,"href":"https:\/\/eduspace.tlu.ee\/en\/wp-json\/wp\/v2\/comments?post=5838"}],"version-history":[{"count":5,"href":"https:\/\/eduspace.tlu.ee\/en\/wp-json\/wp\/v2\/pages\/5838\/revisions"}],"predecessor-version":[{"id":5956,"href":"https:\/\/eduspace.tlu.ee\/en\/wp-json\/wp\/v2\/pages\/5838\/revisions\/5956"}],"wp:featuredmedia":[{"embeddable":true,"href":"https:\/\/eduspace.tlu.ee\/en\/wp-json\/wp\/v2\/media\/1665"}],"wp:attachment":[{"href":"https:\/\/eduspace.tlu.ee\/en\/wp-json\/wp\/v2\/media?parent=5838"}],"curies":[{"name":"wp","href":"https:\/\/api.w.org\/{rel}","templated":true}]}}