{"id":1100,"date":"2020-09-21T23:21:18","date_gmt":"2020-09-21T20:21:18","guid":{"rendered":"http:\/\/eduspace.tlu.ee\/?page_id=1100"},"modified":"2025-10-22T00:14:31","modified_gmt":"2025-10-21T21:14:31","slug":"contacts","status":"publish","type":"page","link":"https:\/\/eduspace.tlu.ee\/en\/contacts\/","title":{"rendered":"Contacts"},"content":{"rendered":"\n\n\t<h1><em>EDUSPACE Contacts<\/em><\/h1>\n\t\t\t<a href=\"&#x6d;&#97;i&#x6c;&#116;o&#x3a;&#101;d&#x75;&#115;p&#x61;&#99;e&#x40;&#x74;l&#x75;&#x2e;&#101;&#x65;\" target=\"_blank\" rel=\"noopener\"class=\"uabb-button uabb-creative-button uabb-creative-default-btn   \"  role=\"button\">\n\t\t\t\t\t\tContact us \u2192\n\t\t<\/a>\n\t<p>We are located at Tallinn University, Uus-Sadama 5, III floor, in room M-340.<\/p>\n<strong>Research cooperation<\/strong><br \/>Terje V\u00e4ljataga<br \/><a href=\"&#x6d;&#x61;&#105;&#108;t&#x6f;&#x3a;&#x74;&#101;rj&#x65;&#x2e;&#118;&#97;l&#x6a;&#x61;&#x74;&#97;ga&#x40;&#x74;&#108;&#117;&#46;&#x65;&#x65;\">&#x74;&#101;&#114;&#x6a;&#x65;&#46;&#118;&#x61;&#x6c;&#106;&#97;&#x74;&#x61;&#103;&#97;&#x40;&#x74;&#108;&#117;&#x2e;&#x65;&#101;<\/a><br \/>+372 640 9355<br \/><br \/><strong>Cooperation with companies<\/strong><br \/>Janika Leoste\u00a0<br \/><a href=\"&#109;a&#x69;l&#x74;o&#x3a;&#108;&#x65;&#111;&#x73;&#116;e&#x40;t&#x6c;u&#x2e;&#101;&#x65;\">&#108;&#x65;&#111;&#x73;&#116;&#x65;&#64;&#x74;l&#x75;&#46;&#x65;e<\/a><br \/>+372 504 5081<br \/><br \/><strong>Cooperation with educaional institutions<\/strong><br \/>Marika Kut\u0161kova<br \/><a href=\"&#109;&#x61;i&#108;&#x74;o&#x3a;&#x6d;&#97;&#x72;i&#107;&#x61;&#46;&#107;&#x75;&#116;&#x73;k&#111;&#x76;a&#64;&#x74;&#108;&#x75;&#x2e;&#101;&#x65;\" target=\"_blank\" rel=\"noopener\">m&#97;&#114;&#x69;&#x6b;&#x61;&#46;k&#117;&#116;&#x73;&#x6b;&#x6f;v&#97;&#64;&#116;&#x6c;&#x75;&#x2e;e&#101;<\/a><br \/>+372 6199 522<br \/><br \/><strong>Laboratory coordinator<br \/>\n<\/strong>Sirly V\u00e4\u00e4t<br \/><a href=\"&#x6d;&#97;i&#x6c;&#x74;&#111;:&#x73;&#105;r&#x6c;&#x79;&#51;3&#x40;&#116;l&#x75;&#x2e;&#101;e\">&#115;&#x69;&#x72;&#108;&#x79;&#x33;&#51;&#x40;&#x74;&#108;&#x75;&#x2e;&#101;&#x65;<\/a>\n<p>Ragnar P\u00e4\u00e4slane<br \/><a href=\"&#x6d;&#x61;&#105;&#108;t&#x6f;&#x3a;&#x70;&#50;&#50;s&#x6c;&#x61;&#x6e;&#101;&#64;t&#x6c;&#x75;&#x2e;&#101;&#101;\">p&#50;&#50;&#x73;&#x6c;&#x61;n&#101;&#64;&#x74;&#x6c;&#x75;&#46;e&#101;<\/a><\/p>\n<p>&nbsp;<\/p>\n\n","protected":false},"excerpt":{"rendered":"<p>EDUSPACE Contacts Contact us \u2192 We are located at Tallinn University, Uus-Sadama 5, III floor, in room M-340. Research cooperationTerje V\u00e4ljataga&#116;&#x65;r&#106;&#x65;&#46;&#118;&#x61;l&#106;&#x61;t&#97;&#x67;&#97;&#x40;&#x74;&#108;&#x75;&#x2e;&#101;&#x65;+372 640 9355 Cooperation with companiesJanika Leoste\u00a0&#x6c;&#x65;&#111;s&#x74;&#x65;&#x40;&#116;l&#x75;&#x2e;&#x65;&#101;+372 504 5081 Cooperation with educaional institutionsMarika Kut\u0161kova&#109;&#x61;&#x72;i&#107;&#x61;&#46;&#107;&#x75;&#x74;s&#107;&#x6f;v&#97;&#x40;&#x74;l&#117;&#x2e;e&#101;+372 6199 522 Laboratory coordinator Sirly V\u00e4\u00e4t&#115;i&#x72;l&#x79;3&#x33;&#64;&#x74;l&#x75;&#46;&#x65;&#101; Ragnar P\u00e4\u00e4slane&#x70;&#x32;&#x32;&#115;&#108;an&#x65;&#x40;&#x74;&#108;&#117;&#46;e&#x65; &nbsp;<\/p>\n","protected":false},"author":1,"featured_media":1671,"parent":0,"menu_order":0,"comment_status":"closed","ping_status":"closed","template":"","meta":{"site-sidebar-layout":"no-sidebar","site-content-layout":"page-builder","ast-site-content-layout":"default","site-content-style":"default","site-sidebar-style":"default","ast-global-header-display":"","ast-banner-title-visibility":"","ast-main-header-display":"","ast-hfb-above-header-display":"","ast-hfb-below-header-display":"","ast-hfb-mobile-header-display":"","site-post-title":"disabled","ast-breadcrumbs-content":"","ast-featured-img":"disabled","footer-sml-layout":"","ast-disable-related-posts":"","theme-transparent-header-meta":"default","adv-header-id-meta":"","stick-header-meta":"default","header-above-stick-meta":"","header-main-stick-meta":"","header-below-stick-meta":"","astra-migrate-meta-layouts":"default","ast-page-background-enabled":"default","ast-page-background-meta":{"desktop":{"background-color":"","background-image":"","background-repeat":"repeat","background-position":"center center","background-size":"auto","background-attachment":"scroll","background-type":"","background-media":"","overlay-type":"","overlay-color":"","overlay-opacity":"","overlay-gradient":""},"tablet":{"background-color":"","background-image":"","background-repeat":"repeat","background-position":"center center","background-size":"auto","background-attachment":"scroll","background-type":"","background-media":"","overlay-type":"","overlay-color":"","overlay-opacity":"","overlay-gradient":""},"mobile":{"background-color":"","background-image":"","background-repeat":"repeat","background-position":"center center","background-size":"auto","background-attachment":"scroll","background-type":"","background-media":"","overlay-type":"","overlay-color":"","overlay-opacity":"","overlay-gradient":""}},"ast-content-background-meta":{"desktop":{"background-color":"var(--ast-global-color-5)","background-image":"","background-repeat":"repeat","background-position":"center center","background-size":"auto","background-attachment":"scroll","background-type":"","background-media":"","overlay-type":"","overlay-color":"","overlay-opacity":"","overlay-gradient":""},"tablet":{"background-color":"var(--ast-global-color-5)","background-image":"","background-repeat":"repeat","background-position":"center center","background-size":"auto","background-attachment":"scroll","background-type":"","background-media":"","overlay-type":"","overlay-color":"","overlay-opacity":"","overlay-gradient":""},"mobile":{"background-color":"var(--ast-global-color-5)","background-image":"","background-repeat":"repeat","background-position":"center center","background-size":"auto","background-attachment":"scroll","background-type":"","background-media":"","overlay-type":"","overlay-color":"","overlay-opacity":"","overlay-gradient":""}},"footnotes":""},"class_list":["post-1100","page","type-page","status-publish","has-post-thumbnail","hentry"],"yoast_head":"<!-- This site is optimized with the Yoast SEO plugin v27.5 - https:\/\/yoast.com\/product\/yoast-seo-wordpress\/ -->\n<title>Contacts - TL\u00dc EDUSPACE<\/title>\n<meta name=\"description\" content=\"We are located at Tallinn University, Uus-Sadama 5, in room M-340. Contact us!\" \/>\n<meta name=\"robots\" content=\"index, follow, max-snippet:-1, max-image-preview:large, max-video-preview:-1\" \/>\n<link rel=\"canonical\" href=\"https:\/\/eduspace.tlu.ee\/en\/contacts\/\" \/>\n<meta property=\"og:locale\" content=\"en_US\" \/>\n<meta property=\"og:type\" content=\"article\" \/>\n<meta property=\"og:title\" content=\"Contacts - TL\u00dc EDUSPACE\" \/>\n<meta property=\"og:description\" content=\"We are located at Tallinn University, Uus-Sadama 5, in room M-340. Contact us!\" \/>\n<meta property=\"og:url\" content=\"https:\/\/eduspace.tlu.ee\/en\/contacts\/\" \/>\n<meta property=\"og:site_name\" content=\"TL\u00dc EDUSPACE\" \/>\n<meta property=\"article:modified_time\" content=\"2025-10-21T21:14:31+00:00\" \/>\n<meta property=\"og:image\" content=\"https:\/\/eduspace.tlu.ee\/wp-content\/uploads\/2020\/09\/eduspace-kontaktid.jpg\" \/>\n\t<meta property=\"og:image:width\" content=\"1200\" \/>\n\t<meta property=\"og:image:height\" content=\"900\" \/>\n\t<meta property=\"og:image:type\" content=\"image\/jpeg\" \/>\n<meta name=\"twitter:card\" content=\"summary_large_image\" \/>\n<script type=\"application\/ld+json\" class=\"yoast-schema-graph\">{\"@context\":\"https:\\\/\\\/schema.org\",\"@graph\":[{\"@type\":\"WebPage\",\"@id\":\"https:\\\/\\\/eduspace.tlu.ee\\\/en\\\/contacts\\\/\",\"url\":\"https:\\\/\\\/eduspace.tlu.ee\\\/en\\\/contacts\\\/\",\"name\":\"Contacts - TL\u00dc EDUSPACE\",\"isPartOf\":{\"@id\":\"https:\\\/\\\/eduspace.tlu.ee\\\/#website\"},\"primaryImageOfPage\":{\"@id\":\"https:\\\/\\\/eduspace.tlu.ee\\\/en\\\/contacts\\\/#primaryimage\"},\"image\":{\"@id\":\"https:\\\/\\\/eduspace.tlu.ee\\\/en\\\/contacts\\\/#primaryimage\"},\"thumbnailUrl\":\"https:\\\/\\\/eduspace.tlu.ee\\\/wp-content\\\/uploads\\\/2020\\\/09\\\/eduspace-kontaktid.jpg\",\"datePublished\":\"2020-09-21T20:21:18+00:00\",\"dateModified\":\"2025-10-21T21:14:31+00:00\",\"description\":\"We are located at Tallinn University, Uus-Sadama 5, in room M-340. Contact us!\",\"breadcrumb\":{\"@id\":\"https:\\\/\\\/eduspace.tlu.ee\\\/en\\\/contacts\\\/#breadcrumb\"},\"inLanguage\":\"en-US\",\"potentialAction\":[{\"@type\":\"ReadAction\",\"target\":[\"https:\\\/\\\/eduspace.tlu.ee\\\/en\\\/contacts\\\/\"]}]},{\"@type\":\"ImageObject\",\"inLanguage\":\"en-US\",\"@id\":\"https:\\\/\\\/eduspace.tlu.ee\\\/en\\\/contacts\\\/#primaryimage\",\"url\":\"https:\\\/\\\/eduspace.tlu.ee\\\/wp-content\\\/uploads\\\/2020\\\/09\\\/eduspace-kontaktid.jpg\",\"contentUrl\":\"https:\\\/\\\/eduspace.tlu.ee\\\/wp-content\\\/uploads\\\/2020\\\/09\\\/eduspace-kontaktid.jpg\",\"width\":1200,\"height\":900},{\"@type\":\"BreadcrumbList\",\"@id\":\"https:\\\/\\\/eduspace.tlu.ee\\\/en\\\/contacts\\\/#breadcrumb\",\"itemListElement\":[{\"@type\":\"ListItem\",\"position\":1,\"name\":\"Home\",\"item\":\"https:\\\/\\\/eduspace.tlu.ee\\\/en\\\/\"},{\"@type\":\"ListItem\",\"position\":2,\"name\":\"Contacts\"}]},{\"@type\":\"WebSite\",\"@id\":\"https:\\\/\\\/eduspace.tlu.ee\\\/#website\",\"url\":\"https:\\\/\\\/eduspace.tlu.ee\\\/\",\"name\":\"TL\u00dc EDUSPACE\",\"description\":\"TL\u00dc EDUSPACE\",\"publisher\":{\"@id\":\"https:\\\/\\\/eduspace.tlu.ee\\\/#organization\"},\"potentialAction\":[{\"@type\":\"SearchAction\",\"target\":{\"@type\":\"EntryPoint\",\"urlTemplate\":\"https:\\\/\\\/eduspace.tlu.ee\\\/?s={search_term_string}\"},\"query-input\":{\"@type\":\"PropertyValueSpecification\",\"valueRequired\":true,\"valueName\":\"search_term_string\"}}],\"inLanguage\":\"en-US\"},{\"@type\":\"Organization\",\"@id\":\"https:\\\/\\\/eduspace.tlu.ee\\\/#organization\",\"name\":\"TL\u00dc EDUSPACE\",\"url\":\"https:\\\/\\\/eduspace.tlu.ee\\\/\",\"logo\":{\"@type\":\"ImageObject\",\"inLanguage\":\"en-US\",\"@id\":\"https:\\\/\\\/eduspace.tlu.ee\\\/#\\\/schema\\\/logo\\\/image\\\/\",\"url\":\"https:\\\/\\\/eduspace.tlu.ee\\\/wp-content\\\/uploads\\\/2025\\\/10\\\/cropped-edutlu.png\",\"contentUrl\":\"https:\\\/\\\/eduspace.tlu.ee\\\/wp-content\\\/uploads\\\/2025\\\/10\\\/cropped-edutlu.png\",\"width\":1532,\"height\":400,\"caption\":\"TL\u00dc EDUSPACE\"},\"image\":{\"@id\":\"https:\\\/\\\/eduspace.tlu.ee\\\/#\\\/schema\\\/logo\\\/image\\\/\"}}]}<\/script>\n<!-- \/ Yoast SEO plugin. -->","yoast_head_json":{"title":"Contacts - TL\u00dc EDUSPACE","description":"We are located at Tallinn University, Uus-Sadama 5, in room M-340. Contact us!","robots":{"index":"index","follow":"follow","max-snippet":"max-snippet:-1","max-image-preview":"max-image-preview:large","max-video-preview":"max-video-preview:-1"},"canonical":"https:\/\/eduspace.tlu.ee\/en\/contacts\/","og_locale":"en_US","og_type":"article","og_title":"Contacts - TL\u00dc EDUSPACE","og_description":"We are located at Tallinn University, Uus-Sadama 5, in room M-340. Contact us!","og_url":"https:\/\/eduspace.tlu.ee\/en\/contacts\/","og_site_name":"TL\u00dc EDUSPACE","article_modified_time":"2025-10-21T21:14:31+00:00","og_image":[{"width":1200,"height":900,"url":"https:\/\/eduspace.tlu.ee\/wp-content\/uploads\/2020\/09\/eduspace-kontaktid.jpg","type":"image\/jpeg"}],"twitter_card":"summary_large_image","schema":{"@context":"https:\/\/schema.org","@graph":[{"@type":"WebPage","@id":"https:\/\/eduspace.tlu.ee\/en\/contacts\/","url":"https:\/\/eduspace.tlu.ee\/en\/contacts\/","name":"Contacts - TL\u00dc EDUSPACE","isPartOf":{"@id":"https:\/\/eduspace.tlu.ee\/#website"},"primaryImageOfPage":{"@id":"https:\/\/eduspace.tlu.ee\/en\/contacts\/#primaryimage"},"image":{"@id":"https:\/\/eduspace.tlu.ee\/en\/contacts\/#primaryimage"},"thumbnailUrl":"https:\/\/eduspace.tlu.ee\/wp-content\/uploads\/2020\/09\/eduspace-kontaktid.jpg","datePublished":"2020-09-21T20:21:18+00:00","dateModified":"2025-10-21T21:14:31+00:00","description":"We are located at Tallinn University, Uus-Sadama 5, in room M-340. Contact us!","breadcrumb":{"@id":"https:\/\/eduspace.tlu.ee\/en\/contacts\/#breadcrumb"},"inLanguage":"en-US","potentialAction":[{"@type":"ReadAction","target":["https:\/\/eduspace.tlu.ee\/en\/contacts\/"]}]},{"@type":"ImageObject","inLanguage":"en-US","@id":"https:\/\/eduspace.tlu.ee\/en\/contacts\/#primaryimage","url":"https:\/\/eduspace.tlu.ee\/wp-content\/uploads\/2020\/09\/eduspace-kontaktid.jpg","contentUrl":"https:\/\/eduspace.tlu.ee\/wp-content\/uploads\/2020\/09\/eduspace-kontaktid.jpg","width":1200,"height":900},{"@type":"BreadcrumbList","@id":"https:\/\/eduspace.tlu.ee\/en\/contacts\/#breadcrumb","itemListElement":[{"@type":"ListItem","position":1,"name":"Home","item":"https:\/\/eduspace.tlu.ee\/en\/"},{"@type":"ListItem","position":2,"name":"Contacts"}]},{"@type":"WebSite","@id":"https:\/\/eduspace.tlu.ee\/#website","url":"https:\/\/eduspace.tlu.ee\/","name":"TL\u00dc EDUSPACE","description":"TL\u00dc EDUSPACE","publisher":{"@id":"https:\/\/eduspace.tlu.ee\/#organization"},"potentialAction":[{"@type":"SearchAction","target":{"@type":"EntryPoint","urlTemplate":"https:\/\/eduspace.tlu.ee\/?s={search_term_string}"},"query-input":{"@type":"PropertyValueSpecification","valueRequired":true,"valueName":"search_term_string"}}],"inLanguage":"en-US"},{"@type":"Organization","@id":"https:\/\/eduspace.tlu.ee\/#organization","name":"TL\u00dc EDUSPACE","url":"https:\/\/eduspace.tlu.ee\/","logo":{"@type":"ImageObject","inLanguage":"en-US","@id":"https:\/\/eduspace.tlu.ee\/#\/schema\/logo\/image\/","url":"https:\/\/eduspace.tlu.ee\/wp-content\/uploads\/2025\/10\/cropped-edutlu.png","contentUrl":"https:\/\/eduspace.tlu.ee\/wp-content\/uploads\/2025\/10\/cropped-edutlu.png","width":1532,"height":400,"caption":"TL\u00dc EDUSPACE"},"image":{"@id":"https:\/\/eduspace.tlu.ee\/#\/schema\/logo\/image\/"}}]}},"_links":{"self":[{"href":"https:\/\/eduspace.tlu.ee\/en\/wp-json\/wp\/v2\/pages\/1100","targetHints":{"allow":["GET"]}}],"collection":[{"href":"https:\/\/eduspace.tlu.ee\/en\/wp-json\/wp\/v2\/pages"}],"about":[{"href":"https:\/\/eduspace.tlu.ee\/en\/wp-json\/wp\/v2\/types\/page"}],"author":[{"embeddable":true,"href":"https:\/\/eduspace.tlu.ee\/en\/wp-json\/wp\/v2\/users\/1"}],"replies":[{"embeddable":true,"href":"https:\/\/eduspace.tlu.ee\/en\/wp-json\/wp\/v2\/comments?post=1100"}],"version-history":[{"count":22,"href":"https:\/\/eduspace.tlu.ee\/en\/wp-json\/wp\/v2\/pages\/1100\/revisions"}],"predecessor-version":[{"id":16446,"href":"https:\/\/eduspace.tlu.ee\/en\/wp-json\/wp\/v2\/pages\/1100\/revisions\/16446"}],"wp:featuredmedia":[{"embeddable":true,"href":"https:\/\/eduspace.tlu.ee\/en\/wp-json\/wp\/v2\/media\/1671"}],"wp:attachment":[{"href":"https:\/\/eduspace.tlu.ee\/en\/wp-json\/wp\/v2\/media?parent=1100"}],"curies":[{"name":"wp","href":"https:\/\/api.w.org\/{rel}","templated":true}]}}