{"id":1092,"date":"2020-09-21T23:12:05","date_gmt":"2020-09-21T20:12:05","guid":{"rendered":"http:\/\/eduspace.tlu.ee\/?page_id=1092"},"modified":"2021-11-05T16:20:21","modified_gmt":"2021-11-05T14:20:21","slug":"team","status":"publish","type":"page","link":"https:\/\/eduspace.tlu.ee\/en\/lab-and-services\/team\/","title":{"rendered":"Team"},"content":{"rendered":"\n\n\t<h1><em>EDUSPACE LABORATORY TEAM<\/em><\/h1>\n<p><strong>Learning and teaching research laboratory<\/strong><\/p>\n\t\t\t<a href=\"&#x6d;&#x61;&#x69;&#x6c;&#x74;&#x6f;&#x3a;&#x65;&#x64;&#x75;&#x73;&#x70;&#x61;&#x63;&#101;&#64;&#116;&#108;&#117;&#46;&#101;&#101;\" target=\"_blank\" role=\"button\" rel=\"noopener\">\n\t\t\t\t\t\tContact us!\n\t\t<\/a>\n\t\t\t\t<img loading=\"lazy\" decoding=\"async\" src=\"https:\/\/eduspace.tlu.ee\/wp-content\/uploads\/2020\/10\/25.10.20-Eduspace-grupipilt.jpg\" alt=\"25.10.20 Eduspace grupipilt\" itemprop=\"image\" height=\"1365\" width=\"2048\" title=\"25.10.20 Eduspace grupipilt\" onerror=\"this.style.display='none'\"  \/>\n\t<p>The EDUSPACE team helps to assist with the necessary equipment in research and supports research beginners, teachers and students. Contact our lab assistants.<\/p>\n<h2><em>EDUSPACE laboratory team<\/em><\/h2>\n<strong>Laboratory project manager<\/strong><br \/>\nJanika Leoste, <a href=\"&#109;&#x61;i&#108;&#x74;o&#58;&#x6c;e&#111;&#x73;t&#101;&#x40;&#116;&#x6c;&#x75;&#46;&#x65;&#x65;\">l&#101;&#x6f;&#x73;&#x74;e&#64;&#x74;&#x6c;&#x75;&#46;&#101;&#x65;<\/a>, 504 5081\n<strong>Laboratory assistants<\/strong><br \/>\nRagnar P\u00e4\u00e4slane, <a href=\"&#x6d;&#97;i&#x6c;&#116;o&#x3a;&#x70;&#50;&#x32;&#x73;&#108;a&#x6e;&#101;&#64;&#x74;&#x6c;&#117;&#x2e;&#x65;&#101;\">&#x70;&#x32;&#x32;&#x73;&#x6c;&#x61;&#x6e;&#x65;&#x40;&#x74;&#x6c;&#x75;&#x2e;&#x65;&#101;<\/a><br \/>\nSirly V\u00e4\u00e4t, <a href=\"&#x6d;&#x61;&#x69;&#108;&#116;o:&#x73;&#x69;&#x72;&#x6c;&#121;&#51;3&#64;&#x74;&#x6c;&#x75;&#46;&#101;&#101;\">&#x73;i&#x72;&#108;y&#x33;&#51;&#x40;&#x74;l&#x75;&#46;e&#x65;<\/a><br \/>\nAnastassia Skiperskaja\n<strong>Labori research counsil<\/strong><br \/>\nProfessor Tobias Ley<br \/>\nProfessor Mati Heidmets<br \/>\nSenior researcher Terje V\u00e4ljataga<br \/>\nAssociate Professor Maire Tuul<br \/>\nAssociate Professor Tiia \u00d5un\n\n","protected":false},"excerpt":{"rendered":"<p>EDUSPACE LABORATORY TEAM Learning and teaching research laboratory Contact us! The EDUSPACE team helps to assist with the necessary equipment in research and supports research beginners, teachers and students. Contact our lab assistants. EDUSPACE laboratory team Laboratory project manager Janika Leoste, &#x6c;&#x65;&#111;s&#x74;&#x65;&#64;&#116;l&#x75;&#x2e;&#101;&#101;, 504 5081 Laboratory assistants Ragnar P\u00e4\u00e4slane, &#x70;&#x32;&#x32;&#115;&#108;&#97;ne&#x40;&#x74;&#x6c;&#x75;&#46;&#101;e Sirly V\u00e4\u00e4t, &#115;i&#x72;l&#x79;3&#x33;&#64;&#x74;&#108;&#x75;&#46;e&#x65; Anastassia Skiperskaja Labori [&hellip;]<\/p>\n","protected":false},"author":1,"featured_media":1668,"parent":1030,"menu_order":0,"comment_status":"closed","ping_status":"closed","template":"","meta":{"site-sidebar-layout":"no-sidebar","site-content-layout":"page-builder","ast-site-content-layout":"default","site-content-style":"default","site-sidebar-style":"default","ast-global-header-display":"","ast-banner-title-visibility":"","ast-main-header-display":"","ast-hfb-above-header-display":"","ast-hfb-below-header-display":"","ast-hfb-mobile-header-display":"","site-post-title":"disabled","ast-breadcrumbs-content":"","ast-featured-img":"disabled","footer-sml-layout":"","ast-disable-related-posts":"","theme-transparent-header-meta":"default","adv-header-id-meta":"","stick-header-meta":"default","header-above-stick-meta":"","header-main-stick-meta":"","header-below-stick-meta":"","astra-migrate-meta-layouts":"default","ast-page-background-enabled":"default","ast-page-background-meta":{"desktop":{"background-color":"","background-image":"","background-repeat":"repeat","background-position":"center center","background-size":"auto","background-attachment":"scroll","background-type":"","background-media":"","overlay-type":"","overlay-color":"","overlay-opacity":"","overlay-gradient":""},"tablet":{"background-color":"","background-image":"","background-repeat":"repeat","background-position":"center center","background-size":"auto","background-attachment":"scroll","background-type":"","background-media":"","overlay-type":"","overlay-color":"","overlay-opacity":"","overlay-gradient":""},"mobile":{"background-color":"","background-image":"","background-repeat":"repeat","background-position":"center center","background-size":"auto","background-attachment":"scroll","background-type":"","background-media":"","overlay-type":"","overlay-color":"","overlay-opacity":"","overlay-gradient":""}},"ast-content-background-meta":{"desktop":{"background-color":"var(--ast-global-color-5)","background-image":"","background-repeat":"repeat","background-position":"center center","background-size":"auto","background-attachment":"scroll","background-type":"","background-media":"","overlay-type":"","overlay-color":"","overlay-opacity":"","overlay-gradient":""},"tablet":{"background-color":"var(--ast-global-color-5)","background-image":"","background-repeat":"repeat","background-position":"center center","background-size":"auto","background-attachment":"scroll","background-type":"","background-media":"","overlay-type":"","overlay-color":"","overlay-opacity":"","overlay-gradient":""},"mobile":{"background-color":"var(--ast-global-color-5)","background-image":"","background-repeat":"repeat","background-position":"center center","background-size":"auto","background-attachment":"scroll","background-type":"","background-media":"","overlay-type":"","overlay-color":"","overlay-opacity":"","overlay-gradient":""}},"footnotes":""},"class_list":["post-1092","page","type-page","status-publish","has-post-thumbnail","hentry"],"yoast_head":"<!-- This site is optimized with the Yoast SEO plugin v27.4 - https:\/\/yoast.com\/product\/yoast-seo-wordpress\/ -->\n<title>Team - TL\u00dc EDUSPACE<\/title>\n<meta name=\"description\" content=\"The EDUSPACE team assists in the use of the equipment and supports researchers and students starting with research.\" \/>\n<meta name=\"robots\" content=\"index, follow, max-snippet:-1, max-image-preview:large, max-video-preview:-1\" \/>\n<link rel=\"canonical\" href=\"https:\/\/eduspace.tlu.ee\/en\/lab-and-services\/team\/\" \/>\n<meta property=\"og:locale\" content=\"en_US\" \/>\n<meta property=\"og:type\" content=\"article\" \/>\n<meta property=\"og:title\" content=\"Team - TL\u00dc EDUSPACE\" \/>\n<meta property=\"og:description\" content=\"The EDUSPACE team assists in the use of the equipment and supports researchers and students starting with research.\" \/>\n<meta property=\"og:url\" content=\"https:\/\/eduspace.tlu.ee\/en\/lab-and-services\/team\/\" \/>\n<meta property=\"og:site_name\" content=\"TL\u00dc EDUSPACE\" \/>\n<meta property=\"article:modified_time\" content=\"2021-11-05T14:20:21+00:00\" \/>\n<meta property=\"og:image\" content=\"https:\/\/eduspace.tlu.ee\/wp-content\/uploads\/2020\/09\/teamwork.jpg\" \/>\n\t<meta property=\"og:image:width\" content=\"1200\" \/>\n\t<meta property=\"og:image:height\" content=\"900\" \/>\n\t<meta property=\"og:image:type\" content=\"image\/jpeg\" \/>\n<meta name=\"twitter:card\" content=\"summary_large_image\" \/>\n<script type=\"application\/ld+json\" class=\"yoast-schema-graph\">{\"@context\":\"https:\\\/\\\/schema.org\",\"@graph\":[{\"@type\":\"WebPage\",\"@id\":\"https:\\\/\\\/eduspace.tlu.ee\\\/en\\\/lab-and-services\\\/team\\\/\",\"url\":\"https:\\\/\\\/eduspace.tlu.ee\\\/en\\\/lab-and-services\\\/team\\\/\",\"name\":\"Team - TL\u00dc EDUSPACE\",\"isPartOf\":{\"@id\":\"https:\\\/\\\/eduspace.tlu.ee\\\/#website\"},\"primaryImageOfPage\":{\"@id\":\"https:\\\/\\\/eduspace.tlu.ee\\\/en\\\/lab-and-services\\\/team\\\/#primaryimage\"},\"image\":{\"@id\":\"https:\\\/\\\/eduspace.tlu.ee\\\/en\\\/lab-and-services\\\/team\\\/#primaryimage\"},\"thumbnailUrl\":\"https:\\\/\\\/eduspace.tlu.ee\\\/wp-content\\\/uploads\\\/2020\\\/09\\\/teamwork.jpg\",\"datePublished\":\"2020-09-21T20:12:05+00:00\",\"dateModified\":\"2021-11-05T14:20:21+00:00\",\"description\":\"The EDUSPACE team assists in the use of the equipment and supports researchers and students starting with research.\",\"breadcrumb\":{\"@id\":\"https:\\\/\\\/eduspace.tlu.ee\\\/en\\\/lab-and-services\\\/team\\\/#breadcrumb\"},\"inLanguage\":\"en-US\",\"potentialAction\":[{\"@type\":\"ReadAction\",\"target\":[\"https:\\\/\\\/eduspace.tlu.ee\\\/en\\\/lab-and-services\\\/team\\\/\"]}]},{\"@type\":\"ImageObject\",\"inLanguage\":\"en-US\",\"@id\":\"https:\\\/\\\/eduspace.tlu.ee\\\/en\\\/lab-and-services\\\/team\\\/#primaryimage\",\"url\":\"https:\\\/\\\/eduspace.tlu.ee\\\/wp-content\\\/uploads\\\/2020\\\/09\\\/teamwork.jpg\",\"contentUrl\":\"https:\\\/\\\/eduspace.tlu.ee\\\/wp-content\\\/uploads\\\/2020\\\/09\\\/teamwork.jpg\",\"width\":1200,\"height\":900},{\"@type\":\"BreadcrumbList\",\"@id\":\"https:\\\/\\\/eduspace.tlu.ee\\\/en\\\/lab-and-services\\\/team\\\/#breadcrumb\",\"itemListElement\":[{\"@type\":\"ListItem\",\"position\":1,\"name\":\"Home\",\"item\":\"https:\\\/\\\/eduspace.tlu.ee\\\/en\\\/\"},{\"@type\":\"ListItem\",\"position\":2,\"name\":\"Lab and Services\",\"item\":\"https:\\\/\\\/eduspace.tlu.ee\\\/en\\\/lab-and-services\\\/\"},{\"@type\":\"ListItem\",\"position\":3,\"name\":\"Team\"}]},{\"@type\":\"WebSite\",\"@id\":\"https:\\\/\\\/eduspace.tlu.ee\\\/#website\",\"url\":\"https:\\\/\\\/eduspace.tlu.ee\\\/\",\"name\":\"TL\u00dc EDUSPACE\",\"description\":\"TL\u00dc EDUSPACE\",\"publisher\":{\"@id\":\"https:\\\/\\\/eduspace.tlu.ee\\\/#organization\"},\"potentialAction\":[{\"@type\":\"SearchAction\",\"target\":{\"@type\":\"EntryPoint\",\"urlTemplate\":\"https:\\\/\\\/eduspace.tlu.ee\\\/?s={search_term_string}\"},\"query-input\":{\"@type\":\"PropertyValueSpecification\",\"valueRequired\":true,\"valueName\":\"search_term_string\"}}],\"inLanguage\":\"en-US\"},{\"@type\":\"Organization\",\"@id\":\"https:\\\/\\\/eduspace.tlu.ee\\\/#organization\",\"name\":\"TL\u00dc EDUSPACE\",\"url\":\"https:\\\/\\\/eduspace.tlu.ee\\\/\",\"logo\":{\"@type\":\"ImageObject\",\"inLanguage\":\"en-US\",\"@id\":\"https:\\\/\\\/eduspace.tlu.ee\\\/#\\\/schema\\\/logo\\\/image\\\/\",\"url\":\"https:\\\/\\\/eduspace.tlu.ee\\\/wp-content\\\/uploads\\\/2025\\\/10\\\/cropped-edutlu.png\",\"contentUrl\":\"https:\\\/\\\/eduspace.tlu.ee\\\/wp-content\\\/uploads\\\/2025\\\/10\\\/cropped-edutlu.png\",\"width\":1532,\"height\":400,\"caption\":\"TL\u00dc EDUSPACE\"},\"image\":{\"@id\":\"https:\\\/\\\/eduspace.tlu.ee\\\/#\\\/schema\\\/logo\\\/image\\\/\"}}]}<\/script>\n<!-- \/ Yoast SEO plugin. -->","yoast_head_json":{"title":"Team - TL\u00dc EDUSPACE","description":"The EDUSPACE team assists in the use of the equipment and supports researchers and students starting with research.","robots":{"index":"index","follow":"follow","max-snippet":"max-snippet:-1","max-image-preview":"max-image-preview:large","max-video-preview":"max-video-preview:-1"},"canonical":"https:\/\/eduspace.tlu.ee\/en\/lab-and-services\/team\/","og_locale":"en_US","og_type":"article","og_title":"Team - TL\u00dc EDUSPACE","og_description":"The EDUSPACE team assists in the use of the equipment and supports researchers and students starting with research.","og_url":"https:\/\/eduspace.tlu.ee\/en\/lab-and-services\/team\/","og_site_name":"TL\u00dc EDUSPACE","article_modified_time":"2021-11-05T14:20:21+00:00","og_image":[{"width":1200,"height":900,"url":"https:\/\/eduspace.tlu.ee\/wp-content\/uploads\/2020\/09\/teamwork.jpg","type":"image\/jpeg"}],"twitter_card":"summary_large_image","schema":{"@context":"https:\/\/schema.org","@graph":[{"@type":"WebPage","@id":"https:\/\/eduspace.tlu.ee\/en\/lab-and-services\/team\/","url":"https:\/\/eduspace.tlu.ee\/en\/lab-and-services\/team\/","name":"Team - TL\u00dc EDUSPACE","isPartOf":{"@id":"https:\/\/eduspace.tlu.ee\/#website"},"primaryImageOfPage":{"@id":"https:\/\/eduspace.tlu.ee\/en\/lab-and-services\/team\/#primaryimage"},"image":{"@id":"https:\/\/eduspace.tlu.ee\/en\/lab-and-services\/team\/#primaryimage"},"thumbnailUrl":"https:\/\/eduspace.tlu.ee\/wp-content\/uploads\/2020\/09\/teamwork.jpg","datePublished":"2020-09-21T20:12:05+00:00","dateModified":"2021-11-05T14:20:21+00:00","description":"The EDUSPACE team assists in the use of the equipment and supports researchers and students starting with research.","breadcrumb":{"@id":"https:\/\/eduspace.tlu.ee\/en\/lab-and-services\/team\/#breadcrumb"},"inLanguage":"en-US","potentialAction":[{"@type":"ReadAction","target":["https:\/\/eduspace.tlu.ee\/en\/lab-and-services\/team\/"]}]},{"@type":"ImageObject","inLanguage":"en-US","@id":"https:\/\/eduspace.tlu.ee\/en\/lab-and-services\/team\/#primaryimage","url":"https:\/\/eduspace.tlu.ee\/wp-content\/uploads\/2020\/09\/teamwork.jpg","contentUrl":"https:\/\/eduspace.tlu.ee\/wp-content\/uploads\/2020\/09\/teamwork.jpg","width":1200,"height":900},{"@type":"BreadcrumbList","@id":"https:\/\/eduspace.tlu.ee\/en\/lab-and-services\/team\/#breadcrumb","itemListElement":[{"@type":"ListItem","position":1,"name":"Home","item":"https:\/\/eduspace.tlu.ee\/en\/"},{"@type":"ListItem","position":2,"name":"Lab and Services","item":"https:\/\/eduspace.tlu.ee\/en\/lab-and-services\/"},{"@type":"ListItem","position":3,"name":"Team"}]},{"@type":"WebSite","@id":"https:\/\/eduspace.tlu.ee\/#website","url":"https:\/\/eduspace.tlu.ee\/","name":"TL\u00dc EDUSPACE","description":"TL\u00dc EDUSPACE","publisher":{"@id":"https:\/\/eduspace.tlu.ee\/#organization"},"potentialAction":[{"@type":"SearchAction","target":{"@type":"EntryPoint","urlTemplate":"https:\/\/eduspace.tlu.ee\/?s={search_term_string}"},"query-input":{"@type":"PropertyValueSpecification","valueRequired":true,"valueName":"search_term_string"}}],"inLanguage":"en-US"},{"@type":"Organization","@id":"https:\/\/eduspace.tlu.ee\/#organization","name":"TL\u00dc EDUSPACE","url":"https:\/\/eduspace.tlu.ee\/","logo":{"@type":"ImageObject","inLanguage":"en-US","@id":"https:\/\/eduspace.tlu.ee\/#\/schema\/logo\/image\/","url":"https:\/\/eduspace.tlu.ee\/wp-content\/uploads\/2025\/10\/cropped-edutlu.png","contentUrl":"https:\/\/eduspace.tlu.ee\/wp-content\/uploads\/2025\/10\/cropped-edutlu.png","width":1532,"height":400,"caption":"TL\u00dc EDUSPACE"},"image":{"@id":"https:\/\/eduspace.tlu.ee\/#\/schema\/logo\/image\/"}}]}},"_links":{"self":[{"href":"https:\/\/eduspace.tlu.ee\/en\/wp-json\/wp\/v2\/pages\/1092","targetHints":{"allow":["GET"]}}],"collection":[{"href":"https:\/\/eduspace.tlu.ee\/en\/wp-json\/wp\/v2\/pages"}],"about":[{"href":"https:\/\/eduspace.tlu.ee\/en\/wp-json\/wp\/v2\/types\/page"}],"author":[{"embeddable":true,"href":"https:\/\/eduspace.tlu.ee\/en\/wp-json\/wp\/v2\/users\/1"}],"replies":[{"embeddable":true,"href":"https:\/\/eduspace.tlu.ee\/en\/wp-json\/wp\/v2\/comments?post=1092"}],"version-history":[{"count":15,"href":"https:\/\/eduspace.tlu.ee\/en\/wp-json\/wp\/v2\/pages\/1092\/revisions"}],"predecessor-version":[{"id":4709,"href":"https:\/\/eduspace.tlu.ee\/en\/wp-json\/wp\/v2\/pages\/1092\/revisions\/4709"}],"up":[{"embeddable":true,"href":"https:\/\/eduspace.tlu.ee\/en\/wp-json\/wp\/v2\/pages\/1030"}],"wp:featuredmedia":[{"embeddable":true,"href":"https:\/\/eduspace.tlu.ee\/en\/wp-json\/wp\/v2\/media\/1668"}],"wp:attachment":[{"href":"https:\/\/eduspace.tlu.ee\/en\/wp-json\/wp\/v2\/media?parent=1092"}],"curies":[{"name":"wp","href":"https:\/\/api.w.org\/{rel}","templated":true}]}}