{"id":1030,"date":"2020-09-20T23:11:56","date_gmt":"2020-09-20T20:11:56","guid":{"rendered":"http:\/\/eduspace.tlu.ee\/?page_id=1030"},"modified":"2025-10-22T00:21:47","modified_gmt":"2025-10-21T21:21:47","slug":"lab-and-services","status":"publish","type":"page","link":"https:\/\/eduspace.tlu.ee\/en\/lab-and-services\/","title":{"rendered":"Lab and Services"},"content":{"rendered":"\n\n\t<h1><em>EDUSPACE\u00a0<\/em><\/h1>\n\t<h3><strong><em>LEARNING AND TEACHING RESEARCH LABORATORY<\/em><\/strong><\/h3>\n\t<p>Our goal is to provide a modern environment for teachers and lecturers to conduct their teaching as well as to create and test new teaching materials. If your area of \u200b\u200binterest is learning and teaching in a technology-rich environment, its methods and organization, impact and effectiveness, then you are welcome to study, teach and create in the EDUSPACE laboratory.<\/p>\n\t\t\t\t<a href=\"https:\/\/eduspace.tlu.ee\/en\/avaleht\/oppematerjalid-2\/\"  target=\"_self\" itemprop=\"url\">\n\t\t\t\t<img decoding=\"async\" src=\"https:\/\/eduspace.tlu.ee\/wp-content\/uploads\/2020\/09\/oppematerjalid.jpg\" alt=\"\" itemprop=\"image\" height=\"500\" width=\"500\" onerror=\"this.style.display='none'\" loading=\"lazy\" \/>\n\t\t\t\t<\/a>\n\t<br \/>\n<a href=\"https:\/\/eduspace.tlu.ee\/labor-ja-teenused\/oppematerjalid\/\"><em>Learning materials<\/em><\/a><br \/>\n\n\t\t\t<a href=\"https:\/\/eduspace.tlu.ee\/en\/lab-and-services\/study-materials\/\" target=\"_self\"  role=\"button\">\n\t\t\t\t\t\tRead more \u2192\n\t\t<\/a>\n\t\t\t\t<a href=\"https:\/\/eduspace.tlu.ee\/seadmed\/\"  target=\"_self\" itemprop=\"url\">\n\t\t\t\t<img decoding=\"async\" src=\"https:\/\/eduspace.tlu.ee\/wp-content\/uploads\/2022\/05\/teenused-avaleht.png\" alt=\"teenused avaleht\" itemprop=\"image\" height=\"600\" width=\"600\" title=\"teenused avaleht\" onerror=\"this.style.display='none'\" loading=\"lazy\" \/>\n\t\t\t\t<\/a>\n\t<br \/>\n<a href=\"https:\/\/eduspace.tlu.ee\/en\/price-list\/\"><em>Services<\/em><\/a><br \/>\n\n\t\t\t<a href=\"https:\/\/eduspace.tlu.ee\/en\/price-list\/\" target=\"_self\"  role=\"button\">\n\t\t\t\t\t\tRead more \u2192\n\t\t<\/a>\n\t\t\t\t<a href=\"https:\/\/eduspace.tlu.ee\/labor\/projektid\/\"  target=\"_self\" itemprop=\"url\">\n\t\t\t\t<img decoding=\"async\" src=\"https:\/\/eduspace.tlu.ee\/wp-content\/uploads\/2021\/02\/paperpenhand.png\" alt=\"paperpenhand\" itemprop=\"image\" height=\"500\" width=\"500\" title=\"paperpenhand\" onerror=\"this.style.display='none'\" loading=\"lazy\" \/>\n\t\t\t\t<\/a>\n\t<br \/>\n<a href=\"https:\/\/eduspace.tlu.ee\/en\/business-collaboration\/\"><em>Business collaboration<\/em><\/a><br \/>\n\n\t\t\t<a href=\"https:\/\/eduspace.tlu.ee\/en\/business-collaboration\/\" target=\"_self\"  role=\"button\">\n\t\t\t\t\t\tRead more \u2192\n\t\t<\/a>\n\t\t\t\t<a href=\"https:\/\/eduspace.tlu.ee\/en\/avaleht\/oppematerjalid-2\/\"  target=\"_self\" itemprop=\"url\">\n\t\t\t\t<img decoding=\"async\" src=\"https:\/\/eduspace.tlu.ee\/wp-content\/uploads\/2021\/01\/Liitreaalsuskaadid4.jpg\" alt=\"Liitreaalsuskaadid4\" itemprop=\"image\" height=\"600\" width=\"600\" title=\"Liitreaalsuskaadid4\" onerror=\"this.style.display='none'\" loading=\"lazy\" \/>\n\t\t\t\t<\/a>\n\t<br \/>\n<a href=\"https:\/\/eduspace.tlu.ee\/en\/augmented-reality-game\/\"><em>Augmented reality<\/em><\/a><br \/>\n\n\t\t\t<a href=\"https:\/\/eduspace.tlu.ee\/en\/augmented-reality-game\/\" target=\"_self\"  role=\"button\">\n\t\t\t\t\t\tRead more \u2192\n\t\t<\/a>\n\t\t\t\t<a href=\"https:\/\/eduspace.tlu.ee\/labor\/meeskond\/\"  target=\"_self\" itemprop=\"url\">\n\t\t\t\t<img decoding=\"async\" src=\"https:\/\/eduspace.tlu.ee\/wp-content\/uploads\/2022\/04\/DTT-PISIPILT.png\" alt=\"DTT PISIPILT\" itemprop=\"image\" height=\"500\" width=\"500\" title=\"DTT PISIPILT\" onerror=\"this.style.display='none'\" loading=\"lazy\" \/>\n\t\t\t\t<\/a>\n\t<br \/>\n<a href=\"https:\/\/eduspace.tlu.ee\/en\/digitally-transforming-teachers\/\"><em>Digital competency<\/em><\/a><br \/>\n\n\t\t\t<a href=\"https:\/\/eduspace.tlu.ee\/en\/digitally-transforming-teachers\/\" target=\"_self\"  role=\"button\">\n\t\t\t\t\t\tRead more \u2192\n\t\t<\/a>\n\t<p>&nbsp;<\/p>\n<p>&nbsp;<\/p>\n<p>&nbsp;<\/p>\n\n","protected":false},"excerpt":{"rendered":"<p>EDUSPACE\u00a0 LEARNING AND TEACHING RESEARCH LABORATORY Our goal is to provide a modern environment for teachers and lecturers to conduct their teaching as well as to create and test new teaching materials. If your area of \u200b\u200binterest is learning and teaching in a technology-rich environment, its methods and organization, impact and effectiveness, then you are [&hellip;]<\/p>\n","protected":false},"author":1,"featured_media":1660,"parent":0,"menu_order":0,"comment_status":"closed","ping_status":"closed","template":"","meta":{"site-sidebar-layout":"no-sidebar","site-content-layout":"page-builder","ast-site-content-layout":"full-width-container","site-content-style":"unboxed","site-sidebar-style":"unboxed","ast-global-header-display":"","ast-banner-title-visibility":"","ast-main-header-display":"","ast-hfb-above-header-display":"","ast-hfb-below-header-display":"","ast-hfb-mobile-header-display":"","site-post-title":"disabled","ast-breadcrumbs-content":"","ast-featured-img":"disabled","footer-sml-layout":"","ast-disable-related-posts":"","theme-transparent-header-meta":"default","adv-header-id-meta":"","stick-header-meta":"default","header-above-stick-meta":"","header-main-stick-meta":"","header-below-stick-meta":"","astra-migrate-meta-layouts":"set","ast-page-background-enabled":"default","ast-page-background-meta":{"desktop":{"background-color":"","background-image":"","background-repeat":"repeat","background-position":"center center","background-size":"auto","background-attachment":"scroll","background-type":"","background-media":"","overlay-type":"","overlay-color":"","overlay-opacity":"","overlay-gradient":""},"tablet":{"background-color":"","background-image":"","background-repeat":"repeat","background-position":"center center","background-size":"auto","background-attachment":"scroll","background-type":"","background-media":"","overlay-type":"","overlay-color":"","overlay-opacity":"","overlay-gradient":""},"mobile":{"background-color":"","background-image":"","background-repeat":"repeat","background-position":"center center","background-size":"auto","background-attachment":"scroll","background-type":"","background-media":"","overlay-type":"","overlay-color":"","overlay-opacity":"","overlay-gradient":""}},"ast-content-background-meta":{"desktop":{"background-color":"var(--ast-global-color-5)","background-image":"","background-repeat":"repeat","background-position":"center center","background-size":"auto","background-attachment":"scroll","background-type":"","background-media":"","overlay-type":"","overlay-color":"","overlay-opacity":"","overlay-gradient":""},"tablet":{"background-color":"var(--ast-global-color-5)","background-image":"","background-repeat":"repeat","background-position":"center center","background-size":"auto","background-attachment":"scroll","background-type":"","background-media":"","overlay-type":"","overlay-color":"","overlay-opacity":"","overlay-gradient":""},"mobile":{"background-color":"var(--ast-global-color-5)","background-image":"","background-repeat":"repeat","background-position":"center center","background-size":"auto","background-attachment":"scroll","background-type":"","background-media":"","overlay-type":"","overlay-color":"","overlay-opacity":"","overlay-gradient":""}},"footnotes":""},"class_list":["post-1030","page","type-page","status-publish","has-post-thumbnail","hentry"],"yoast_head":"<!-- This site is optimized with the Yoast SEO plugin v27.4 - https:\/\/yoast.com\/product\/yoast-seo-wordpress\/ -->\n<title>Lab and Services - TL\u00dc EDUSPACE<\/title>\n<meta name=\"description\" content=\"TL\u00dc EDUSPACE uurimislabori m\u00e4rks\u00f5nadeks on haridusuuendus ja koost\u00f6\u00f6 \u00fclikooli, \u00f5ppeasutuste ning ettev\u00f5tete vahel. Labor on varustatud kaasaegsete uurimis- ja haridustehnoloogiliste vahenditega.\" \/>\n<meta name=\"robots\" content=\"index, follow, max-snippet:-1, max-image-preview:large, max-video-preview:-1\" \/>\n<link rel=\"canonical\" href=\"https:\/\/eduspace.tlu.ee\/en\/lab-and-services\/\" \/>\n<meta property=\"og:locale\" content=\"en_US\" \/>\n<meta property=\"og:type\" content=\"article\" \/>\n<meta property=\"og:title\" content=\"Lab and Services - TL\u00dc EDUSPACE\" \/>\n<meta property=\"og:description\" content=\"TL\u00dc EDUSPACE uurimislabori m\u00e4rks\u00f5nadeks on haridusuuendus ja koost\u00f6\u00f6 \u00fclikooli, \u00f5ppeasutuste ning ettev\u00f5tete vahel. Labor on varustatud kaasaegsete uurimis- ja haridustehnoloogiliste vahenditega.\" \/>\n<meta property=\"og:url\" content=\"https:\/\/eduspace.tlu.ee\/en\/lab-and-services\/\" \/>\n<meta property=\"og:site_name\" content=\"TL\u00dc EDUSPACE\" \/>\n<meta property=\"article:modified_time\" content=\"2025-10-21T21:21:47+00:00\" \/>\n<meta property=\"og:image\" content=\"https:\/\/eduspace.tlu.ee\/wp-content\/uploads\/2020\/09\/eduspace.jpg\" \/>\n\t<meta property=\"og:image:width\" content=\"1200\" \/>\n\t<meta property=\"og:image:height\" content=\"900\" \/>\n\t<meta property=\"og:image:type\" content=\"image\/jpeg\" \/>\n<meta name=\"twitter:card\" content=\"summary_large_image\" \/>\n<meta name=\"twitter:label1\" content=\"Est. reading time\" \/>\n\t<meta name=\"twitter:data1\" content=\"2 minutes\" \/>\n<script type=\"application\/ld+json\" class=\"yoast-schema-graph\">{\"@context\":\"https:\\\/\\\/schema.org\",\"@graph\":[{\"@type\":\"WebPage\",\"@id\":\"https:\\\/\\\/eduspace.tlu.ee\\\/en\\\/lab-and-services\\\/\",\"url\":\"https:\\\/\\\/eduspace.tlu.ee\\\/en\\\/lab-and-services\\\/\",\"name\":\"Lab and Services - TL\u00dc EDUSPACE\",\"isPartOf\":{\"@id\":\"https:\\\/\\\/eduspace.tlu.ee\\\/#website\"},\"primaryImageOfPage\":{\"@id\":\"https:\\\/\\\/eduspace.tlu.ee\\\/en\\\/lab-and-services\\\/#primaryimage\"},\"image\":{\"@id\":\"https:\\\/\\\/eduspace.tlu.ee\\\/en\\\/lab-and-services\\\/#primaryimage\"},\"thumbnailUrl\":\"https:\\\/\\\/eduspace.tlu.ee\\\/wp-content\\\/uploads\\\/2020\\\/09\\\/eduspace.jpg\",\"datePublished\":\"2020-09-20T20:11:56+00:00\",\"dateModified\":\"2025-10-21T21:21:47+00:00\",\"description\":\"TL\u00dc EDUSPACE uurimislabori m\u00e4rks\u00f5nadeks on haridusuuendus ja koost\u00f6\u00f6 \u00fclikooli, \u00f5ppeasutuste ning ettev\u00f5tete vahel. Labor on varustatud kaasaegsete uurimis- ja haridustehnoloogiliste vahenditega.\",\"breadcrumb\":{\"@id\":\"https:\\\/\\\/eduspace.tlu.ee\\\/en\\\/lab-and-services\\\/#breadcrumb\"},\"inLanguage\":\"en-US\",\"potentialAction\":[{\"@type\":\"ReadAction\",\"target\":[\"https:\\\/\\\/eduspace.tlu.ee\\\/en\\\/lab-and-services\\\/\"]}]},{\"@type\":\"ImageObject\",\"inLanguage\":\"en-US\",\"@id\":\"https:\\\/\\\/eduspace.tlu.ee\\\/en\\\/lab-and-services\\\/#primaryimage\",\"url\":\"https:\\\/\\\/eduspace.tlu.ee\\\/wp-content\\\/uploads\\\/2020\\\/09\\\/eduspace.jpg\",\"contentUrl\":\"https:\\\/\\\/eduspace.tlu.ee\\\/wp-content\\\/uploads\\\/2020\\\/09\\\/eduspace.jpg\",\"width\":1200,\"height\":900},{\"@type\":\"BreadcrumbList\",\"@id\":\"https:\\\/\\\/eduspace.tlu.ee\\\/en\\\/lab-and-services\\\/#breadcrumb\",\"itemListElement\":[{\"@type\":\"ListItem\",\"position\":1,\"name\":\"Home\",\"item\":\"https:\\\/\\\/eduspace.tlu.ee\\\/en\\\/\"},{\"@type\":\"ListItem\",\"position\":2,\"name\":\"Lab and Services\"}]},{\"@type\":\"WebSite\",\"@id\":\"https:\\\/\\\/eduspace.tlu.ee\\\/#website\",\"url\":\"https:\\\/\\\/eduspace.tlu.ee\\\/\",\"name\":\"TL\u00dc EDUSPACE\",\"description\":\"TL\u00dc EDUSPACE\",\"publisher\":{\"@id\":\"https:\\\/\\\/eduspace.tlu.ee\\\/#organization\"},\"potentialAction\":[{\"@type\":\"SearchAction\",\"target\":{\"@type\":\"EntryPoint\",\"urlTemplate\":\"https:\\\/\\\/eduspace.tlu.ee\\\/?s={search_term_string}\"},\"query-input\":{\"@type\":\"PropertyValueSpecification\",\"valueRequired\":true,\"valueName\":\"search_term_string\"}}],\"inLanguage\":\"en-US\"},{\"@type\":\"Organization\",\"@id\":\"https:\\\/\\\/eduspace.tlu.ee\\\/#organization\",\"name\":\"TL\u00dc EDUSPACE\",\"url\":\"https:\\\/\\\/eduspace.tlu.ee\\\/\",\"logo\":{\"@type\":\"ImageObject\",\"inLanguage\":\"en-US\",\"@id\":\"https:\\\/\\\/eduspace.tlu.ee\\\/#\\\/schema\\\/logo\\\/image\\\/\",\"url\":\"https:\\\/\\\/eduspace.tlu.ee\\\/wp-content\\\/uploads\\\/2025\\\/10\\\/cropped-edutlu.png\",\"contentUrl\":\"https:\\\/\\\/eduspace.tlu.ee\\\/wp-content\\\/uploads\\\/2025\\\/10\\\/cropped-edutlu.png\",\"width\":1532,\"height\":400,\"caption\":\"TL\u00dc EDUSPACE\"},\"image\":{\"@id\":\"https:\\\/\\\/eduspace.tlu.ee\\\/#\\\/schema\\\/logo\\\/image\\\/\"}}]}<\/script>\n<!-- \/ Yoast SEO plugin. -->","yoast_head_json":{"title":"Lab and Services - TL\u00dc EDUSPACE","description":"TL\u00dc EDUSPACE uurimislabori m\u00e4rks\u00f5nadeks on haridusuuendus ja koost\u00f6\u00f6 \u00fclikooli, \u00f5ppeasutuste ning ettev\u00f5tete vahel. Labor on varustatud kaasaegsete uurimis- ja haridustehnoloogiliste vahenditega.","robots":{"index":"index","follow":"follow","max-snippet":"max-snippet:-1","max-image-preview":"max-image-preview:large","max-video-preview":"max-video-preview:-1"},"canonical":"https:\/\/eduspace.tlu.ee\/en\/lab-and-services\/","og_locale":"en_US","og_type":"article","og_title":"Lab and Services - TL\u00dc EDUSPACE","og_description":"TL\u00dc EDUSPACE uurimislabori m\u00e4rks\u00f5nadeks on haridusuuendus ja koost\u00f6\u00f6 \u00fclikooli, \u00f5ppeasutuste ning ettev\u00f5tete vahel. Labor on varustatud kaasaegsete uurimis- ja haridustehnoloogiliste vahenditega.","og_url":"https:\/\/eduspace.tlu.ee\/en\/lab-and-services\/","og_site_name":"TL\u00dc EDUSPACE","article_modified_time":"2025-10-21T21:21:47+00:00","og_image":[{"width":1200,"height":900,"url":"https:\/\/eduspace.tlu.ee\/wp-content\/uploads\/2020\/09\/eduspace.jpg","type":"image\/jpeg"}],"twitter_card":"summary_large_image","twitter_misc":{"Est. reading time":"2 minutes"},"schema":{"@context":"https:\/\/schema.org","@graph":[{"@type":"WebPage","@id":"https:\/\/eduspace.tlu.ee\/en\/lab-and-services\/","url":"https:\/\/eduspace.tlu.ee\/en\/lab-and-services\/","name":"Lab and Services - TL\u00dc EDUSPACE","isPartOf":{"@id":"https:\/\/eduspace.tlu.ee\/#website"},"primaryImageOfPage":{"@id":"https:\/\/eduspace.tlu.ee\/en\/lab-and-services\/#primaryimage"},"image":{"@id":"https:\/\/eduspace.tlu.ee\/en\/lab-and-services\/#primaryimage"},"thumbnailUrl":"https:\/\/eduspace.tlu.ee\/wp-content\/uploads\/2020\/09\/eduspace.jpg","datePublished":"2020-09-20T20:11:56+00:00","dateModified":"2025-10-21T21:21:47+00:00","description":"TL\u00dc EDUSPACE uurimislabori m\u00e4rks\u00f5nadeks on haridusuuendus ja koost\u00f6\u00f6 \u00fclikooli, \u00f5ppeasutuste ning ettev\u00f5tete vahel. Labor on varustatud kaasaegsete uurimis- ja haridustehnoloogiliste vahenditega.","breadcrumb":{"@id":"https:\/\/eduspace.tlu.ee\/en\/lab-and-services\/#breadcrumb"},"inLanguage":"en-US","potentialAction":[{"@type":"ReadAction","target":["https:\/\/eduspace.tlu.ee\/en\/lab-and-services\/"]}]},{"@type":"ImageObject","inLanguage":"en-US","@id":"https:\/\/eduspace.tlu.ee\/en\/lab-and-services\/#primaryimage","url":"https:\/\/eduspace.tlu.ee\/wp-content\/uploads\/2020\/09\/eduspace.jpg","contentUrl":"https:\/\/eduspace.tlu.ee\/wp-content\/uploads\/2020\/09\/eduspace.jpg","width":1200,"height":900},{"@type":"BreadcrumbList","@id":"https:\/\/eduspace.tlu.ee\/en\/lab-and-services\/#breadcrumb","itemListElement":[{"@type":"ListItem","position":1,"name":"Home","item":"https:\/\/eduspace.tlu.ee\/en\/"},{"@type":"ListItem","position":2,"name":"Lab and Services"}]},{"@type":"WebSite","@id":"https:\/\/eduspace.tlu.ee\/#website","url":"https:\/\/eduspace.tlu.ee\/","name":"TL\u00dc EDUSPACE","description":"TL\u00dc EDUSPACE","publisher":{"@id":"https:\/\/eduspace.tlu.ee\/#organization"},"potentialAction":[{"@type":"SearchAction","target":{"@type":"EntryPoint","urlTemplate":"https:\/\/eduspace.tlu.ee\/?s={search_term_string}"},"query-input":{"@type":"PropertyValueSpecification","valueRequired":true,"valueName":"search_term_string"}}],"inLanguage":"en-US"},{"@type":"Organization","@id":"https:\/\/eduspace.tlu.ee\/#organization","name":"TL\u00dc EDUSPACE","url":"https:\/\/eduspace.tlu.ee\/","logo":{"@type":"ImageObject","inLanguage":"en-US","@id":"https:\/\/eduspace.tlu.ee\/#\/schema\/logo\/image\/","url":"https:\/\/eduspace.tlu.ee\/wp-content\/uploads\/2025\/10\/cropped-edutlu.png","contentUrl":"https:\/\/eduspace.tlu.ee\/wp-content\/uploads\/2025\/10\/cropped-edutlu.png","width":1532,"height":400,"caption":"TL\u00dc EDUSPACE"},"image":{"@id":"https:\/\/eduspace.tlu.ee\/#\/schema\/logo\/image\/"}}]}},"_links":{"self":[{"href":"https:\/\/eduspace.tlu.ee\/en\/wp-json\/wp\/v2\/pages\/1030","targetHints":{"allow":["GET"]}}],"collection":[{"href":"https:\/\/eduspace.tlu.ee\/en\/wp-json\/wp\/v2\/pages"}],"about":[{"href":"https:\/\/eduspace.tlu.ee\/en\/wp-json\/wp\/v2\/types\/page"}],"author":[{"embeddable":true,"href":"https:\/\/eduspace.tlu.ee\/en\/wp-json\/wp\/v2\/users\/1"}],"replies":[{"embeddable":true,"href":"https:\/\/eduspace.tlu.ee\/en\/wp-json\/wp\/v2\/comments?post=1030"}],"version-history":[{"count":16,"href":"https:\/\/eduspace.tlu.ee\/en\/wp-json\/wp\/v2\/pages\/1030\/revisions"}],"predecessor-version":[{"id":16447,"href":"https:\/\/eduspace.tlu.ee\/en\/wp-json\/wp\/v2\/pages\/1030\/revisions\/16447"}],"wp:featuredmedia":[{"embeddable":true,"href":"https:\/\/eduspace.tlu.ee\/en\/wp-json\/wp\/v2\/media\/1660"}],"wp:attachment":[{"href":"https:\/\/eduspace.tlu.ee\/en\/wp-json\/wp\/v2\/media?parent=1030"}],"curies":[{"name":"wp","href":"https:\/\/api.w.org\/{rel}","templated":true}]}}